{"id":313,"date":"2020-04-02T16:12:31","date_gmt":"2020-04-02T14:12:31","guid":{"rendered":"https:\/\/veronastudio.eu\/?page_id=313"},"modified":"2023-10-04T15:31:38","modified_gmt":"2023-10-04T13:31:38","slug":"kontakt","status":"publish","type":"page","link":"https:\/\/veronastudio.eu\/pl\/kontakt\/","title":{"rendered":"Kontakt"},"content":{"rendered":"<div class=\"wpb-content-wrapper\">[vc_section full_width=&#8221;stretch_row&#8221; el_class=&#8221;verona-subheader&#8221;][vc_row content_placement=&#8221;bottom&#8221;][vc_column offset=&#8221;vc_col-lg-7&#8243;][vc_column_text el_class=&#8221;subheader-heading&#8221;]\n<h1>Kontakt<\/h1>\n[\/vc_column_text][\/vc_column][vc_column offset=&#8221;vc_col-lg-5&#8243;][vc_column_text el_class=&#8221;subheader-slogan&#8221;]Zarezerwuj termin w Verona Studio[\/vc_column_text][\/vc_column][\/vc_row][\/vc_section][vc_section full_width=&#8221;stretch_row&#8221; el_class=&#8221;verona-contact&#8221;][vc_row][vc_column width=&#8221;2\/3&#8243; offset=&#8221;vc_col-lg-offset-0 vc_col-lg-4 vc_col-sm-offset-2&#8243;][vc_column_text]\n<h2>Napisz lub zadzwo\u0144<\/h2>\n<p><a href=\"tel:+31685716578\">+31 685716578<\/a><\/p>\n<p><a href=\"mailto:info@veronastudio.eu\">info@veronastudio.eu<\/a>[\/vc_column_text][vc_column_text]\n<h2>Odwied\u017a nas<\/h2>\n<p><strong>Hoofdstraat 15a<\/strong><br \/>\n<strong>Bovenkarspel<\/strong>[\/vc_column_text][vc_column_text el_class=&#8221;extra-margin-top&#8221;]\n<ul>\n<li>5 minut od stacji kolejowej, tu\u017c przy centrum handlowym Streekhof<\/li>\n<li>Dost\u0119pny parking dla klient\u00f3w<\/li>\n<\/ul>\n[\/vc_column_text][\/vc_column][vc_column width=&#8221;2\/3&#8243; offset=&#8221;vc_col-lg-offset-0 vc_col-lg-4 vc_col-sm-offset-2&#8243;][vc_column_text]\n<h2>Godziny otwarcia<\/h2>\n<p>Wtorek \u2014\u00a09:00\u00a0&#8211;\u00a018:00<\/p>\n<p>\u015aroda \u2014 13:00 &#8211; 18:00<\/p>\n<p>Czwartek \u2014\u00a012:00\u00a0&#8211;\u00a020:00<\/p>\n<p>Pi\u0105tek \u2014 9:00 &#8211; 18:00<\/p>\n<p>Sobota \u2014 9:00 &#8211; 13:00[\/vc_column_text][vc_raw_html el_class=&#8221;verona-social extra-margin-top&#8221;]JTNDYSUyMGhyZWYlM0QlMjJodHRwcyUzQSUyRiUyRnd3dy5mYWNlYm9vay5jb20lMkZWZXJvbmFzdHVkaW8uODklMkYlMjIlM0UlM0NpJTIwY2xhc3MlM0QlMjJmYSUyMGZhLWZhY2Vib29rJTIyJTNFJTNDJTJGaSUzRSUzQyUyRmElM0UlMEElM0NhJTIwaHJlZiUzRCUyMmh0dHBzJTNBJTJGJTJGd3d3Lmluc3RhZ3JhbS5jb20lMkZ2ZXJvbmFfc3R1ZGlvX3drJTJGJTIyJTNFJTNDaSUyMGNsYXNzJTNEJTIyZmElMjBmYS1pbnN0YWdyYW0lMjIlM0UlM0MlMkZpJTNFJTNDJTJGYSUzRQ==[\/vc_raw_html][\/vc_column][vc_column width=&#8221;2\/3&#8243; offset=&#8221;vc_col-lg-offset-0 vc_col-lg-4 vc_col-sm-offset-2&#8243;][vc_images_carousel images=&#8221;887,834,832,889,828,891&#8243; img_size=&#8221;400&#215;400&#8243; onclick=&#8221;link_no&#8221; speed=&#8221;3250&#8243; autoplay=&#8221;yes&#8221; hide_pagination_control=&#8221;yes&#8221; hide_prev_next_buttons=&#8221;yes&#8221; wrap=&#8221;yes&#8221;][\/vc_column][\/vc_row][\/vc_section][vc_section full_width=&#8221;stretch_row_content&#8221; el_class=&#8221;verona-map&#8221;][vc_row thb_full_width=&#8221;true&#8221; thb_row_padding=&#8221;true&#8221; thb_column_padding=&#8221;true&#8221;][vc_column][vc_gmaps link=&#8221;#E-8_JTNDaWZyYW1lJTIwc3JjJTNEJTIyaHR0cHMlM0ElMkYlMkZ3d3cuZ29vZ2xlLmNvbSUyRm1hcHMlMkZlbWJlZCUzRnBiJTNEJTIxMW0xOCUyMTFtMTIlMjExbTMlMjExZDI0MTcuOTA5NjkxNDAyNDg4JTIxMmQ1LjIzMDU3MzI5Nzc0Njc0MyUyMTNkNTIuNjk3NzI0MDUxMTQzNjElMjEybTMlMjExZjAlMjEyZjAlMjEzZjAlMjEzbTIlMjExaTEwMjQlMjEyaTc2OCUyMTRmMTMuMSUyMTNtMyUyMTFtMiUyMTFzMHg0N2M4YTU0NjBjODQ3YjY3JTI1M0EweDYwNjQ1NmQ2MzU3NDhkNGMlMjEyc1Zlcm9uYSUyNTIwU3R1ZGlvJTIxNWUwJTIxM20yJTIxMXNwbCUyMTJzcGwlMjE0djE2OTU3NDEwNjY4MzUlMjE1bTIlMjExc3BsJTIxMnNwbCUyMiUyMHdpZHRoJTNEJTIyNjAwJTIyJTIwaGVpZ2h0JTNEJTIyNDUwJTIyJTIwc3R5bGUlM0QlMjJib3JkZXIlM0EwJTNCJTIyJTIwYWxsb3dmdWxsc2NyZWVuJTNEJTIyJTIyJTIwbG9hZGluZyUzRCUyMmxhenklMjIlMjByZWZlcnJlcnBvbGljeSUzRCUyMm5vLXJlZmVycmVyLXdoZW4tZG93bmdyYWRlJTIyJTNFJTNDJTJGaWZyYW1lJTNF&#8221; size=&#8221;500&#8243;][\/vc_column][\/vc_row][\/vc_section]\n<\/div>","protected":false},"excerpt":{"rendered":"<p>[vc_section full_width=&#8221;stretch_row&#8221; el_class=&#8221;verona-subheader&#8221;][vc_row content_placement=&#8221;bottom&#8221;][vc_column offset=&#8221;vc_col-lg-7&#8243;][vc_column_text el_class=&#8221;subheader-heading&#8221;] Kontakt [\/vc_column_text][\/vc_column][vc_column offset=&#8221;vc_col-lg-5&#8243;][vc_column_text el_class=&#8221;subheader-slogan&#8221;]Zarezerwuj termin w Verona Studio[\/vc_column_text][\/vc_column][\/vc_row][\/vc_section][vc_section full_width=&#8221;stretch_row&#8221; el_class=&#8221;verona-contact&#8221;][vc_row][vc_column width=&#8221;2\/3&#8243; offset=&#8221;vc_col-lg-offset-0 vc_col-lg-4 vc_col-sm-offset-2&#8243;][vc_column_text] Napisz lub zadzwo\u0144 +31 685716578 info@veronastudio.eu[\/vc_column_text][vc_column_text] Odwied\u017a nas Hoofdstraat 15a Bovenkarspel[\/vc_column_text][vc_column_text el_class=&#8221;extra-margin-top&#8221;] 5 minut od stacji kolejowej, tu\u017c przy centrum handlowym Streekhof Dost\u0119pny parking dla klient\u00f3w [\/vc_column_text][\/vc_column][vc_column width=&#8221;2\/3&#8243; offset=&#8221;vc_col-lg-offset-0 vc_col-lg-4 vc_col-sm-offset-2&#8243;][vc_column_text] Godziny otwarcia Wtorek \u2014\u00a09:00\u00a0&#8211;\u00a018:00&hellip;<\/p>\n","protected":false},"author":1,"featured_media":0,"parent":0,"menu_order":0,"comment_status":"closed","ping_status":"closed","template":"","meta":{"_seopress_robots_primary_cat":"","footnotes":""},"_links":{"self":[{"href":"https:\/\/veronastudio.eu\/pl\/wp-json\/wp\/v2\/pages\/313"}],"collection":[{"href":"https:\/\/veronastudio.eu\/pl\/wp-json\/wp\/v2\/pages"}],"about":[{"href":"https:\/\/veronastudio.eu\/pl\/wp-json\/wp\/v2\/types\/page"}],"author":[{"embeddable":true,"href":"https:\/\/veronastudio.eu\/pl\/wp-json\/wp\/v2\/users\/1"}],"replies":[{"embeddable":true,"href":"https:\/\/veronastudio.eu\/pl\/wp-json\/wp\/v2\/comments?post=313"}],"version-history":[{"count":10,"href":"https:\/\/veronastudio.eu\/pl\/wp-json\/wp\/v2\/pages\/313\/revisions"}],"predecessor-version":[{"id":895,"href":"https:\/\/veronastudio.eu\/pl\/wp-json\/wp\/v2\/pages\/313\/revisions\/895"}],"wp:attachment":[{"href":"https:\/\/veronastudio.eu\/pl\/wp-json\/wp\/v2\/media?parent=313"}],"curies":[{"name":"wp","href":"https:\/\/api.w.org\/{rel}","templated":true}]}}