{"id":3,"date":"2020-02-24T09:11:10","date_gmt":"2020-02-24T08:11:10","guid":{"rendered":"https:\/\/veronastudio.eu\/?page_id=3"},"modified":"2020-04-20T13:32:45","modified_gmt":"2020-04-20T11:32:45","slug":"polityka-prywatnosci","status":"publish","type":"page","link":"https:\/\/veronastudio.eu\/pl\/polityka-prywatnosci\/","title":{"rendered":"Polityka prywatno\u015bci"},"content":{"rendered":"<div class=\"wpb-content-wrapper\">[vc_section full_width=&#8221;stretch_row&#8221; el_class=&#8221;verona-subheader&#8221;][vc_row content_placement=&#8221;bottom&#8221;][vc_column offset=&#8221;vc_col-lg-7&#8243;][vc_column_text el_class=&#8221;subheader-heading&#8221;]\n<h1>Polityka Prywatno\u015bci<\/h1>\n[\/vc_column_text][\/vc_column][vc_column offset=&#8221;vc_col-lg-5&#8243;][\/vc_column][\/vc_row][\/vc_section][vc_section full_width=&#8221;stretch_row&#8221; el_class=&#8221;verona-privacy&#8221;][vc_row][vc_column width=&#8221;5\/6&#8243; offset=&#8221;vc_col-lg-offset-2 vc_col-lg-8 vc_col-sm-offset-1&#8243;][vc_column_text]W Verona Studio, dost\u0119pnej pod adresem www.veronastudio.eu, jednym z naszych g\u0142\u00f3wnych priorytet\u00f3w jest prywatno\u015b\u0107 naszych go\u015bci. Niniejszy dokument &#8222;Polityka prywatno\u015bci&#8221; zawiera rodzaje informacji, kt\u00f3re s\u0105 zbierane i rejestrowane przez Verona Studio oraz spos\u00f3b ich wykorzystywania.<\/p>\n<p>Je\u015bli masz dodatkowe pytania lub potrzebujesz wi\u0119cej informacji na temat naszej Polityki Prywatno\u015bci, nie wahaj si\u0119 z nami skontaktowa\u0107.<\/p>\n<h2>Pliki dziennika<\/h2>\n<p>Verona Studio stosuje standardow\u0105 procedur\u0119 korzystania z plik\u00f3w dziennika. Pliki te rejestruj\u0105 odwiedzaj\u0105cych podczas odwiedzania stron internetowych. Robi\u0105 to wszystkie firmy hostingowe. Informacje zbierane przez pliki log\u00f3w obejmuj\u0105 adresy protoko\u0142u internetowego (IP), typ przegl\u0105darki, dostawc\u0119 us\u0142ug internetowych (ISP), znacznik daty i godziny, strony odsy\u0142aj\u0105ce\/wychodz\u0105ce i ewentualnie liczb\u0119 klikni\u0119\u0107.<\/p>\n<p>Nie s\u0105 one powi\u0105zane z \u017cadnymi informacjami, za pomoc\u0105 kt\u00f3rych mo\u017cna zidentyfikowa\u0107 odwiedzaj\u0105cych. Celem tych informacji jest analiza trend\u00f3w, administrowanie stron\u0105, \u015bledzenie ruchu u\u017cytkownik\u00f3w na stronie i zbieranie informacji demograficznych.<\/p>\n<h2>Pliki cookie (ciasteczka)<\/h2>\n<p>Jak ka\u017cda inna strona internetowa, Verona Studio u\u017cywa &#8222;cookies&#8221;. Pliki te s\u0105 u\u017cywane do przechowywania informacji, w tym informacji o preferencjach odwiedzaj\u0105cych oraz o stronach internetowych, do kt\u00f3rych odwiedzaj\u0105cy wchodzi\u0142 lub kt\u00f3re odwiedza\u0142. Informacje te s\u0105 wykorzystywane do optymalizacji obs\u0142ugi u\u017cytkownika poprzez dostosowywanie zawarto\u015bci naszej strony internetowej w oparciu o typ przegl\u0105darki u\u017cytkownika i\/lub inne informacje.<\/p>\n<p>Wi\u0119cej og\u00f3lnych informacji na temat plik\u00f3w cookie mo\u017cna znale\u017a\u0107 na stronie <a href=\"https:\/\/pl.wikipedia.org\/wiki\/HTTP_cookie\">Wikipedii<\/a>.<\/p>\n<p>U\u017cytkownik mo\u017ce wy\u0142\u0105czy\u0107 obs\u0142ug\u0119 plik\u00f3w cookie za pomoc\u0105 poszczeg\u00f3lnych opcji przegl\u0105darki. Bardziej szczeg\u00f3\u0142owe informacje na temat zarz\u0105dzania plikami cookie w poszczeg\u00f3lnych przegl\u0105darkach internetowych mo\u017cna znale\u017a\u0107 na ich stronach internetowych.<\/p>\n<h2>Wy\u0142\u0105cznie Internetowa Polityka Prywatno\u015bci<\/h2>\n<p>Niniejsza Polityka Prywatno\u015bci odnosi si\u0119 wy\u0142\u0105cznie do naszej dzia\u0142alno\u015bci online i obowi\u0105zuje odwiedzaj\u0105cych nasz\u0105 stron\u0119 internetow\u0105 w odniesieniu do informacji, kt\u00f3re udost\u0119pniaj\u0105 i\/lub gromadz\u0105 w Verona Studio. Niniejsza polityka nie ma zastosowania do \u017cadnych informacji zbieranych w trybie offline lub za po\u015brednictwem kana\u0142\u00f3w innych ni\u017c ta strona.<\/p>\n<h2>Zgoda<\/h2>\n<p>Korzystaj\u0105c z naszej strony internetowej, wyra\u017caj\u0105 Pa\u0144stwo zgod\u0119 na nasz\u0105 Polityk\u0119 Prywatno\u015bci i akceptuj\u0105 jej Warunki.[\/vc_column_text][\/vc_column][\/vc_row][\/vc_section]\n<\/div>","protected":false},"excerpt":{"rendered":"<p>[vc_section full_width=&#8221;stretch_row&#8221; el_class=&#8221;verona-subheader&#8221;][vc_row content_placement=&#8221;bottom&#8221;][vc_column offset=&#8221;vc_col-lg-7&#8243;][vc_column_text el_class=&#8221;subheader-heading&#8221;] Polityka Prywatno\u015bci [\/vc_column_text][\/vc_column][vc_column offset=&#8221;vc_col-lg-5&#8243;][\/vc_column][\/vc_row][\/vc_section][vc_section full_width=&#8221;stretch_row&#8221; el_class=&#8221;verona-privacy&#8221;][vc_row][vc_column width=&#8221;5\/6&#8243; offset=&#8221;vc_col-lg-offset-2 vc_col-lg-8 vc_col-sm-offset-1&#8243;][vc_column_text]W Verona Studio, dost\u0119pnej pod adresem www.veronastudio.eu, jednym z naszych g\u0142\u00f3wnych priorytet\u00f3w jest prywatno\u015b\u0107 naszych go\u015bci. Niniejszy dokument &#8222;Polityka prywatno\u015bci&#8221; zawiera rodzaje informacji, kt\u00f3re s\u0105 zbierane i rejestrowane przez Verona Studio oraz spos\u00f3b ich wykorzystywania. Je\u015bli masz dodatkowe pytania lub&hellip;<\/p>\n","protected":false},"author":1,"featured_media":0,"parent":0,"menu_order":0,"comment_status":"closed","ping_status":"open","template":"","meta":{"_seopress_robots_primary_cat":"","footnotes":""},"_links":{"self":[{"href":"https:\/\/veronastudio.eu\/pl\/wp-json\/wp\/v2\/pages\/3"}],"collection":[{"href":"https:\/\/veronastudio.eu\/pl\/wp-json\/wp\/v2\/pages"}],"about":[{"href":"https:\/\/veronastudio.eu\/pl\/wp-json\/wp\/v2\/types\/page"}],"author":[{"embeddable":true,"href":"https:\/\/veronastudio.eu\/pl\/wp-json\/wp\/v2\/users\/1"}],"replies":[{"embeddable":true,"href":"https:\/\/veronastudio.eu\/pl\/wp-json\/wp\/v2\/comments?post=3"}],"version-history":[{"count":0,"href":"https:\/\/veronastudio.eu\/pl\/wp-json\/wp\/v2\/pages\/3\/revisions"}],"wp:attachment":[{"href":"https:\/\/veronastudio.eu\/pl\/wp-json\/wp\/v2\/media?parent=3"}],"curies":[{"name":"wp","href":"https:\/\/api.w.org\/{rel}","templated":true}]}}