{"id":297,"date":"2020-04-02T15:53:14","date_gmt":"2020-04-02T13:53:14","guid":{"rendered":"https:\/\/veronastudio.eu\/?page_id=297"},"modified":"2020-04-06T14:49:00","modified_gmt":"2020-04-06T12:49:00","slug":"przeciwwskazania-makijaz-permanentny","status":"publish","type":"page","link":"https:\/\/veronastudio.eu\/pl\/przeciwwskazania-makijaz-permanentny\/","title":{"rendered":"Przeciwwskazania: Makija\u017c permanentny"},"content":{"rendered":"<div class=\"wpb-content-wrapper\">[vc_section full_width=&#8221;stretch_row&#8221; el_class=&#8221;verona-subheader&#8221;][vc_row content_placement=&#8221;bottom&#8221;][vc_column offset=&#8221;vc_col-lg-7&#8243;][vc_column_text el_class=&#8221;subheader-heading&#8221;]\n<h2>Przeciwwskazania<\/h2>\n[\/vc_column_text][\/vc_column][vc_column offset=&#8221;vc_col-lg-5&#8243;][vc_column_text el_class=&#8221;subheader-slogan&#8221;]Dla Twojego bezpiecze\u0144stwa[\/vc_column_text][\/vc_column][\/vc_row][\/vc_section][vc_section full_width=&#8221;stretch_row&#8221; el_class=&#8221;verona-contraindications&#8221;][vc_row][vc_column width=&#8221;5\/6&#8243; offset=&#8221;vc_col-lg-offset-0 vc_col-lg-4 vc_col-sm-offset-1&#8243;]\t<div class=\"thb-page-menu-container\">\n\t\t<ul id=\"menu-przeciwwskazania\" class=\"thb-page-menu style1\"><li id=\"menu-item-305\" class=\"menu-item menu-item-type-post_type menu-item-object-page menu-item-305\"><a href=\"https:\/\/veronastudio.eu\/pl\/przeciwwskazania-makijaz-permanentny\/\">Makija\u017c permanentny<\/a><\/li>\n<li id=\"menu-item-306\" class=\"menu-item menu-item-type-post_type menu-item-object-page menu-item-306\"><a href=\"https:\/\/veronastudio.eu\/pl\/przeciwwskazania-stylizacja-brwi\/\">Stylizacja brwi<\/a><\/li>\n<li id=\"menu-item-304\" class=\"menu-item menu-item-type-post_type menu-item-object-page menu-item-304\"><a href=\"https:\/\/veronastudio.eu\/pl\/przeciwwskazania-lifting-rzes\/\">Lifting rz\u0119s<\/a><\/li>\n<li id=\"menu-item-303\" class=\"menu-item menu-item-type-post_type menu-item-object-page menu-item-303\"><a href=\"https:\/\/veronastudio.eu\/pl\/przeciwwskazania-depilacja-woskiem\/\">Depilacja woskiem<\/a><\/li>\n<\/ul>\t<\/div>\n\t[\/vc_column][vc_column width=&#8221;5\/6&#8243; offset=&#8221;vc_col-lg-7 vc_col-sm-offset-1&#8243;][vc_column_text el_class=&#8221;contraindications-heading&#8221;]\n<h1>Makija\u017c permanentny<\/h1>\n[\/vc_column_text][vc_column_text el_class=&#8221;contraindications-content&#8221;]\n<h3>Przeciwwskazania do zabiegu:<\/h3>\n<ul>\n<li>Ci\u0105\u017ca.<\/li>\n<li>Okres laktacji. Zalecane jest odczekanie 2 miesi\u0105ce od zako\u0144czenia laktacji.<\/li>\n<li>Infekcja, wykwit lub wyprysk w miejscu wykonywania pigmentacji.<\/li>\n<li>Aktywna opryszczka tzw. zimno. W przypadku, kiedy pojawi si\u0119 opryszczka zabieg jest przek\u0142adany. Mo\u017cesz asekuracyjnie wzi\u0105\u0107 dawk\u0119 tabletek Heviran 3 dni przed zabiegiem (500-800mg)oraz zapobiegawczo kontynuowa\u0107 kuracj\u0119 do 3 dni po zabiegu.<\/li>\n<li>Aktywne przezi\u0119bienie, angina, grypa, obni\u017cenie odporno\u015bci. Czekamy minimum 2 tygodnie od wyleczenia do pigmentacji.<\/li>\n<li>Przyjmowanie lek\u00f3w: antybiotyk\u00f3w, rozrzedzajacych krew. Nale\u017cy odczeka\u0107 3 tygodnie od zako\u0144czenia kuracji.<\/li>\n<li>Przyjmowanie lek\u00f3w przeciwb\u00f3lowych i przeciwzapalnych. Nie przyjmujemy lek\u00f3w przeciwb\u00f3lowych ani przeciwzapalnych co najmniej tydzie\u0144 przed zabiegiem.<\/li>\n<li>Przyjmowanie steryd\u00f3w, doustnie i miejscowo. Nale\u017cy odczeka\u0107 od 3-6 miesi\u0119cy od zako\u0144czenia kuracji.<\/li>\n<li>Przyjmowanie lek\u00f3w lub ma\u015bci na tr\u0105dzik, retinoid\u00f3w, izotretynoiny, tetracykliny (Roaccutane, Differin, Izotek, Axotret, Curacne, Aknenormin itd.). Nale\u017cy odczeka\u0107 minimum 6 miesi\u0119cy od zako\u0144czenia kuracji.<\/li>\n<li>Leczenie dermatologicznie jest przeciwwskazaniem do zabiegu.<\/li>\n<li>Stosowanie od\u017cywek lub olejk\u00f3w do brwi lub rz\u0119s (w przypadku pigmentacji danego obszaru). Czekamy do 3 miesi\u0119cy w przypadku od\u017cywki i do miesi\u0105ca w przypadku olejku.<\/li>\n<li>Nieustabilizowana choroba cukrzycowa.<\/li>\n<li>Nieustabilizowana lub zaawansowana choroba tarczycy.<\/li>\n<li>Padaczka (epilepsja).<\/li>\n<li>Choroba nowotworowa w fazie aktywnej.<\/li>\n<li>Choroby serca.<\/li>\n<li>\u017b\u00f3\u0142taczka.<\/li>\n<li>Hemofilia<\/li>\n<li>Zaburzenia krzepliwo\u015bci krwi.<\/li>\n<li>Zaburzenia, choroby psychiczne.<\/li>\n<li>Uczulenie na metale, kosmetyki, farby do w\u0142os\u00f3w. Je\u015bli podejrzewasz, \u017ce mo\u017ce wyst\u0105pi\u0107 reakcja uczuleniowa na znieczulenie lub barwnik, um\u00f3w si\u0119 ze mn\u0105 na pr\u00f3b\u0119 uczuleniow\u0105 odpowiednio wcze\u015bniej przed planowanym zabiegiem.<\/li>\n<li>Picie zi\u00f3\u0142 w herbatach, za\u017cywanie tabletek zio\u0142owych. Dziurawiec, czystek, krwawnik, fio\u0142ek, mi\u0119ta itd. Picie i przyjmowanie jakichkolwiek zi\u00f3\u0142 nale\u017cy zaprzesta\u0107 minimum miesi\u0105c przed zabiegiem.<br \/>\nZaawansowane stadium tr\u0105dziku, r\u00f3wnie\u017c r\u00f3\u017cowaty. Najpierw leczymy cer\u0119, p\u00f3\u017aniej wykonujemy makija\u017c permanentny. W zaostrzonym stadium tr\u0105dziku zabieg si\u0119 nie odb\u0119dzie.<\/li>\n<li>Sk\u0142onno\u015b\u0107 do bliznowc\u00f3w, blizn, trudno goj\u0105ce si\u0119 rany.<\/li>\n<li>Atopowe zapalenie sk\u00f3ry, \u0142uszczyca, bielactwo, \u0142ojotokowe zapalenie sk\u00f3ry, egzema.<\/li>\n<li>Nadwra\u017cliwo\u015b\u0107 na b\u00f3l.<\/li>\n<li>\u015awie\u017ca henna w przypadku makija\u017cu permanentnego brwi. Henn\u0119 wykonujemy minimum 3 tygodnie przed zabiegiem.<\/li>\n<li>Wiek poni\u017cej 18 lat.<\/li>\n<li>\u015awie\u017ca opalenizna. Nie opalamy twarzy minimum 2 tygodnie przed zabiegiem.<\/li>\n<li>Zabiegi kosmetyczne i z zakresu medycyny estetycznej. Kwasy, BOTOX, mezoterapia, mikrodermabrazja, laser itd. Jakiekolwiek zabiegi powinny by\u0107 wykonywane minimum miesi\u0105c przed pigmentacj\u0105.<\/li>\n<li>Stan po ekstrakcji z\u0119ba (po wyrywaniu) odczekujemy 2 tyg do miesi\u0105ca w zale\u017cno\u015bci czy by\u0142 w\u0142\u0105czony antybiotyk.<\/li>\n<li>Stan poszczepienny! Oczekujemy miesi\u0105c od szczepienia do pigmentacji.<\/li>\n<li>Stan po operacji plastycznej. Oczekujemy miesi\u0105c od operacji plastycznej.<\/li>\n<li>Sztuczne rz\u0119sy. W przypadku makija\u017cu permanentnego oczu, sztuczne rz\u0119sy musz\u0105 by\u0107 bezwzgl\u0119dnie zdj\u0119te.<\/li>\n<li>W przypadku makija\u017cu permanentnego ust, usta maj\u0105 by\u0107 pozbawione suchych sk\u00f3rek, wypeelingowane. Kondycja ust znacznie wp\u0142ywa na jako\u015b\u0107 pigmentacji mo\u017ce nawet wp\u0142yn\u0105\u0107 na ilo\u015b\u0107 zabieg\u00f3w, dodatkowych, p\u0142atnych.<\/li>\n<li>Przed zabiegiem makija\u017cu permanentnego ust bezwzgl\u0119dnie przechodzimy kuracj\u0119 Heviranem w tabletkach (je\u015bli mamy tendencj\u0119 do opryszczki).<\/li>\n<li>Przyjmowanie jakichkolwiek innych lek\u00f3w. Prosz\u0119, poinformuj mnie jakie leki lub suplementy diety przyjmujesz lub na jakie choroby cierpisz.<\/li>\n<li>Posiadanie starego makija\u017cu permanentnego. Prosz\u0119 o informacj\u0119, konsultacj\u0119 lub zdj\u0119cie. Nie pokrywam, bez wcze\u015bniejszego powiadomienia mnie, oraz weryfikacji stanu starego makija\u017cu permanentnego.<\/li>\n<\/ul>\n[\/vc_column_text][\/vc_column][\/vc_row][\/vc_section]\n<\/div>","protected":false},"excerpt":{"rendered":"<p>[vc_section full_width=&#8221;stretch_row&#8221; el_class=&#8221;verona-subheader&#8221;][vc_row content_placement=&#8221;bottom&#8221;][vc_column offset=&#8221;vc_col-lg-7&#8243;][vc_column_text el_class=&#8221;subheader-heading&#8221;] Przeciwwskazania [\/vc_column_text][\/vc_column][vc_column offset=&#8221;vc_col-lg-5&#8243;][vc_column_text el_class=&#8221;subheader-slogan&#8221;]Dla Twojego bezpiecze\u0144stwa[\/vc_column_text][\/vc_column][\/vc_row][\/vc_section][vc_section full_width=&#8221;stretch_row&#8221; el_class=&#8221;verona-contraindications&#8221;][vc_row][vc_column width=&#8221;5\/6&#8243; offset=&#8221;vc_col-lg-offset-0 vc_col-lg-4 vc_col-sm-offset-1&#8243;][\/vc_column][vc_column width=&#8221;5\/6&#8243; offset=&#8221;vc_col-lg-7 vc_col-sm-offset-1&#8243;][vc_column_text el_class=&#8221;contraindications-heading&#8221;] Makija\u017c permanentny [\/vc_column_text][vc_column_text el_class=&#8221;contraindications-content&#8221;] Przeciwwskazania do zabiegu: Ci\u0105\u017ca. Okres laktacji. Zalecane jest odczekanie 2 miesi\u0105ce od zako\u0144czenia laktacji. Infekcja, wykwit lub wyprysk w miejscu wykonywania pigmentacji. Aktywna opryszczka tzw. zimno. W przypadku, kiedy&hellip;<\/p>\n","protected":false},"author":1,"featured_media":0,"parent":0,"menu_order":0,"comment_status":"closed","ping_status":"closed","template":"","meta":{"_seopress_robots_primary_cat":"","footnotes":""},"_links":{"self":[{"href":"https:\/\/veronastudio.eu\/pl\/wp-json\/wp\/v2\/pages\/297"}],"collection":[{"href":"https:\/\/veronastudio.eu\/pl\/wp-json\/wp\/v2\/pages"}],"about":[{"href":"https:\/\/veronastudio.eu\/pl\/wp-json\/wp\/v2\/types\/page"}],"author":[{"embeddable":true,"href":"https:\/\/veronastudio.eu\/pl\/wp-json\/wp\/v2\/users\/1"}],"replies":[{"embeddable":true,"href":"https:\/\/veronastudio.eu\/pl\/wp-json\/wp\/v2\/comments?post=297"}],"version-history":[{"count":0,"href":"https:\/\/veronastudio.eu\/pl\/wp-json\/wp\/v2\/pages\/297\/revisions"}],"wp:attachment":[{"href":"https:\/\/veronastudio.eu\/pl\/wp-json\/wp\/v2\/media?parent=297"}],"curies":[{"name":"wp","href":"https:\/\/api.w.org\/{rel}","templated":true}]}}