{"id":280,"date":"2020-04-02T15:15:53","date_gmt":"2020-04-02T13:15:53","guid":{"rendered":"https:\/\/veronastudio.eu\/?page_id=280"},"modified":"2020-04-02T15:36:07","modified_gmt":"2020-04-02T13:36:07","slug":"przeciwwskazania-stylizacja-brwi","status":"publish","type":"page","link":"https:\/\/veronastudio.eu\/pl\/przeciwwskazania-stylizacja-brwi\/","title":{"rendered":"Przeciwwskazania: Stylizacja brwi"},"content":{"rendered":"<div class=\"wpb-content-wrapper\">[vc_section full_width=&#8221;stretch_row&#8221; el_class=&#8221;verona-subheader&#8221;][vc_row content_placement=&#8221;bottom&#8221;][vc_column offset=&#8221;vc_col-lg-7&#8243;][vc_column_text el_class=&#8221;subheader-heading&#8221;]\n<h2>Przeciwwskazania<\/h2>\n[\/vc_column_text][\/vc_column][vc_column offset=&#8221;vc_col-lg-5&#8243;][vc_column_text el_class=&#8221;subheader-slogan&#8221;]Dla Twojego bezpiecze\u0144stwa[\/vc_column_text][\/vc_column][\/vc_row][\/vc_section][vc_section full_width=&#8221;stretch_row&#8221; el_class=&#8221;verona-contraindications&#8221;][vc_row][vc_column width=&#8221;5\/6&#8243; offset=&#8221;vc_col-lg-offset-0 vc_col-lg-4 vc_col-sm-offset-1&#8243;]\t<div class=\"thb-page-menu-container\">\n\t\t<ul id=\"menu-przeciwwskazania\" class=\"thb-page-menu style1\"><li id=\"menu-item-305\" class=\"menu-item menu-item-type-post_type menu-item-object-page menu-item-305\"><a href=\"https:\/\/veronastudio.eu\/pl\/przeciwwskazania-makijaz-permanentny\/\">Makija\u017c permanentny<\/a><\/li>\n<li id=\"menu-item-306\" class=\"menu-item menu-item-type-post_type menu-item-object-page menu-item-306\"><a href=\"https:\/\/veronastudio.eu\/pl\/przeciwwskazania-stylizacja-brwi\/\">Stylizacja brwi<\/a><\/li>\n<li id=\"menu-item-304\" class=\"menu-item menu-item-type-post_type menu-item-object-page menu-item-304\"><a href=\"https:\/\/veronastudio.eu\/pl\/przeciwwskazania-lifting-rzes\/\">Lifting rz\u0119s<\/a><\/li>\n<li id=\"menu-item-303\" class=\"menu-item menu-item-type-post_type menu-item-object-page menu-item-303\"><a href=\"https:\/\/veronastudio.eu\/pl\/przeciwwskazania-depilacja-woskiem\/\">Depilacja woskiem<\/a><\/li>\n<\/ul>\t<\/div>\n\t[\/vc_column][vc_column width=&#8221;5\/6&#8243; offset=&#8221;vc_col-lg-7 vc_col-sm-offset-1&#8243;][vc_column_text el_class=&#8221;contraindications-heading&#8221;]\n<h1>Stylizacja brwi<\/h1>\n[\/vc_column_text][vc_column_text el_class=&#8221;contraindications-content&#8221;]\n<h3>Przeciwwskazania do zabiegu:<\/h3>\n<ul>\n<li>Alergia na henn\u0119<\/li>\n<li>Infekcje oczu<\/li>\n<li>Stany zapalne i alegriczne sk\u00f3ry w obr\u0119bie brwi<\/li>\n<li>Przerwana ci\u0105g\u0142o\u015b\u0107 nask\u00f3rka<\/li>\n<li>Sk\u00f3ra podra\u017cniona od oparze\u0144 s\u0142onecznych<\/li>\n<li>Opryszczka<\/li>\n<li>Zmiany nowotworowe, autoimmunologiczne<\/li>\n<li>Przyjmowanie antybiotyk\u00f3w, leczenie izotretynoin\u0105 (leczenie tr\u0105dziku)<\/li>\n<li>Og\u00f3lny z\u0142y stan zdrowia<\/li>\n<li>Ci\u0105\u017ca i karmienie piersi\u0105 nie jest przeciwwskazaniem, lecz mo\u017ce wyj\u015b\u0107 kolor inny ni\u017c zamierzany, o mniejszej trwa\u0142o\u015bci<\/li>\n<\/ul>\n[\/vc_column_text][\/vc_column][\/vc_row][\/vc_section]\n<\/div>","protected":false},"excerpt":{"rendered":"<p>[vc_section full_width=&#8221;stretch_row&#8221; el_class=&#8221;verona-subheader&#8221;][vc_row content_placement=&#8221;bottom&#8221;][vc_column offset=&#8221;vc_col-lg-7&#8243;][vc_column_text el_class=&#8221;subheader-heading&#8221;] Przeciwwskazania [\/vc_column_text][\/vc_column][vc_column offset=&#8221;vc_col-lg-5&#8243;][vc_column_text el_class=&#8221;subheader-slogan&#8221;]Dla Twojego bezpiecze\u0144stwa[\/vc_column_text][\/vc_column][\/vc_row][\/vc_section][vc_section full_width=&#8221;stretch_row&#8221; el_class=&#8221;verona-contraindications&#8221;][vc_row][vc_column width=&#8221;5\/6&#8243; offset=&#8221;vc_col-lg-offset-0 vc_col-lg-4 vc_col-sm-offset-1&#8243;][\/vc_column][vc_column width=&#8221;5\/6&#8243; offset=&#8221;vc_col-lg-7 vc_col-sm-offset-1&#8243;][vc_column_text el_class=&#8221;contraindications-heading&#8221;] Stylizacja brwi [\/vc_column_text][vc_column_text el_class=&#8221;contraindications-content&#8221;] Przeciwwskazania do zabiegu: Alergia na henn\u0119 Infekcje oczu Stany zapalne i alegriczne sk\u00f3ry w obr\u0119bie brwi Przerwana ci\u0105g\u0142o\u015b\u0107 nask\u00f3rka Sk\u00f3ra podra\u017cniona od oparze\u0144 s\u0142onecznych Opryszczka Zmiany nowotworowe, autoimmunologiczne Przyjmowanie&hellip;<\/p>\n","protected":false},"author":1,"featured_media":0,"parent":0,"menu_order":0,"comment_status":"closed","ping_status":"closed","template":"","meta":{"_seopress_robots_primary_cat":"","footnotes":""},"_links":{"self":[{"href":"https:\/\/veronastudio.eu\/pl\/wp-json\/wp\/v2\/pages\/280"}],"collection":[{"href":"https:\/\/veronastudio.eu\/pl\/wp-json\/wp\/v2\/pages"}],"about":[{"href":"https:\/\/veronastudio.eu\/pl\/wp-json\/wp\/v2\/types\/page"}],"author":[{"embeddable":true,"href":"https:\/\/veronastudio.eu\/pl\/wp-json\/wp\/v2\/users\/1"}],"replies":[{"embeddable":true,"href":"https:\/\/veronastudio.eu\/pl\/wp-json\/wp\/v2\/comments?post=280"}],"version-history":[{"count":0,"href":"https:\/\/veronastudio.eu\/pl\/wp-json\/wp\/v2\/pages\/280\/revisions"}],"wp:attachment":[{"href":"https:\/\/veronastudio.eu\/pl\/wp-json\/wp\/v2\/media?parent=280"}],"curies":[{"name":"wp","href":"https:\/\/api.w.org\/{rel}","templated":true}]}}