{"id":245,"date":"2020-03-31T12:01:34","date_gmt":"2020-03-31T10:01:34","guid":{"rendered":"https:\/\/veronastudio.eu\/?page_id=245"},"modified":"2020-04-14T15:25:58","modified_gmt":"2020-04-14T13:25:58","slug":"pielegnacja-dloni","status":"publish","type":"page","link":"https:\/\/veronastudio.eu\/pl\/pielegnacja-dloni\/","title":{"rendered":"Piel\u0119gnacja d\u0142oni"},"content":{"rendered":"<div class=\"wpb-content-wrapper\">[vc_section full_width=&#8221;stretch_row&#8221; el_class=&#8221;verona-subheader&#8221;][vc_row content_placement=&#8221;bottom&#8221;][vc_column offset=&#8221;vc_col-lg-7&#8243;][vc_column_text el_class=&#8221;subheader-heading&#8221;]\n<h1>Piel\u0119gnacja d\u0142oni<\/h1>\n[\/vc_column_text][\/vc_column][vc_column offset=&#8221;vc_col-lg-5&#8243;][vc_column_text el_class=&#8221;subheader-slogan&#8221;]Bomba witaminowa dla sk\u00f3ry[\/vc_column_text][\/vc_column][\/vc_row][\/vc_section][vc_section el_class=&#8221;verona-offer-content&#8221;][vc_row][vc_column width=&#8221;5\/6&#8243; offset=&#8221;vc_col-lg-offset-0 vc_col-lg-6 vc_col-sm-offset-1&#8243;][vc_column_text el_class=&#8221;offer-heading-regular&#8221;]\n<h2>Parafina na d\u0142onie<\/h2>\n[\/vc_column_text][vc_column_text el_class=&#8221;intro&#8221;]Parafina na d\u0142onie to prawdziwa bomba witaminowa dla sk\u00f3ry! Kompleksowa pielegnacja d\u0142oni polecana szczeg\u00f3lnie jesieni\u0105 i zim\u0105. Zabieg obejmuje peeling d\u0142oni, masa\u017c d\u0142oni z mask\u0105 od\u017cywcz\u0105 i parafin\u0119.[\/vc_column_text][vc_empty_space mobile_height=&#8221;35px&#8221; height=&#8221;45px&#8221;]\t<div id=\"thb-image-69ff6802bfcbf\" class=\"caption-style1 animation fade-in alignnone   thb_image_link wp-caption \">\n\t\t\t<div class=\"thb-image-inner size_100\">\n\t\t\t<img width=\"1288\" height=\"628\" src=\"data:image\/gif;base64,R0lGODlhAQABAAAAACH5BAEKAAEALAAAAAABAAEAAAICTAEAOw==\" class=\"thb_image    attachment-full thb-lazyload lazyload\" alt=\"\" decoding=\"async\" title=\"parafina-01-img@2x\" loading=\"lazy\" sizes=\"(max-width: 1288px) 100vw, 1288px\" data-src=\"https:\/\/veronastudio.eu\/wp-content\/uploads\/2020\/03\/parafina-01-img2x.jpg\" data-sizes=\"auto\" data-srcset=\"https:\/\/veronastudio.eu\/wp-content\/uploads\/2020\/03\/parafina-01-img2x.jpg 1288w, https:\/\/veronastudio.eu\/wp-content\/uploads\/2020\/03\/parafina-01-img2x-640x312.jpg 640w, https:\/\/veronastudio.eu\/wp-content\/uploads\/2020\/03\/parafina-01-img2x-768x374.jpg 768w, https:\/\/veronastudio.eu\/wp-content\/uploads\/2020\/03\/parafina-01-img2x-380x185.jpg 380w, https:\/\/veronastudio.eu\/wp-content\/uploads\/2020\/03\/parafina-01-img2x-20x9.jpg 20w, https:\/\/veronastudio.eu\/wp-content\/uploads\/2020\/03\/parafina-01-img2x-190x93.jpg 190w, https:\/\/veronastudio.eu\/wp-content\/uploads\/2020\/03\/parafina-01-img2x-760x371.jpg 760w, https:\/\/veronastudio.eu\/wp-content\/uploads\/2020\/03\/parafina-01-img2x-1140x556.jpg 1140w\" \/>\t\t\t\t\t<\/div>\n\t\t\t\t\t<\/div>\n\t[vc_empty_space mobile_height=&#8221;35px&#8221; height=&#8221;45px&#8221;][vc_column_text el_class=&#8221;offer-heading-regular&#8221;]\n<h2>Zalety zabiegu<\/h2>\n[\/vc_column_text][vc_column_text]\n<ul>\n<li>Od\u017cywia<\/li>\n<li>Wyg\u0142adza<\/li>\n<li>Nawil\u017ca<\/li>\n<li>Pobudza kr\u0105\u017cenie<\/li>\n<li>Rozgrzewa<\/li>\n<li>Uj\u0119drnia<\/li>\n<li>Umo\u017cliwia wykonanie zabiegu tu\u017c po \u015bwie\u017co zrobionym manicure<\/li>\n<\/ul>\n[\/vc_column_text][vc_empty_space mobile_height=&#8221;35px&#8221; height=&#8221;45px&#8221;]\t<div id=\"thb-image-69ff6802c0918\" class=\"caption-style1 animation fade-in alignnone   thb_image_link wp-caption \">\n\t\t\t<div class=\"thb-image-inner size_100\">\n\t\t\t<img width=\"1286\" height=\"760\" src=\"data:image\/gif;base64,R0lGODlhAQABAAAAACH5BAEKAAEALAAAAAABAAEAAAICTAEAOw==\" class=\"thb_image    attachment-full thb-lazyload lazyload\" alt=\"\" decoding=\"async\" title=\"parafina-02-img@2x\" loading=\"lazy\" sizes=\"(max-width: 1286px) 100vw, 1286px\" data-src=\"https:\/\/veronastudio.eu\/wp-content\/uploads\/2020\/03\/parafina-02-img2x.jpg\" data-sizes=\"auto\" data-srcset=\"https:\/\/veronastudio.eu\/wp-content\/uploads\/2020\/03\/parafina-02-img2x.jpg 1286w, https:\/\/veronastudio.eu\/wp-content\/uploads\/2020\/03\/parafina-02-img2x-640x378.jpg 640w, https:\/\/veronastudio.eu\/wp-content\/uploads\/2020\/03\/parafina-02-img2x-768x454.jpg 768w, https:\/\/veronastudio.eu\/wp-content\/uploads\/2020\/03\/parafina-02-img2x-380x225.jpg 380w, https:\/\/veronastudio.eu\/wp-content\/uploads\/2020\/03\/parafina-02-img2x-190x112.jpg 190w, https:\/\/veronastudio.eu\/wp-content\/uploads\/2020\/03\/parafina-02-img2x-760x449.jpg 760w, https:\/\/veronastudio.eu\/wp-content\/uploads\/2020\/03\/parafina-02-img2x-1140x674.jpg 1140w, https:\/\/veronastudio.eu\/wp-content\/uploads\/2020\/03\/parafina-02-img2x-20x12.jpg 20w\" \/>\t\t\t\t\t<\/div>\n\t\t\t\t\t<\/div>\n\t[vc_empty_space mobile_height=&#8221;35px&#8221; height=&#8221;45px&#8221;][vc_column_text el_class=&#8221;offer-heading-regular&#8221;]\n<h2>Zabieg dedykowany dla d\u0142oni:<\/h2>\n[\/vc_column_text][vc_column_text]\n<ul>\n<li>Suchych<\/li>\n<li>Szorstkich<\/li>\n<li>Pozbawionych nawil\u017cenia<\/li>\n<li>D\u0142oni zawsze zimnych \/ przemarzni\u0119tych<\/li>\n<li>D\u0142onie zniszczone na skutek dzia\u0142a\u0144 mocnych detergent\u00f3w<\/li>\n<\/ul>\n[\/vc_column_text][vc_empty_space mobile_height=&#8221;5px&#8221; height=&#8221;5px&#8221;]\t<div id=\"thb-iconbox-69ff6802c10d2\" class=\"thb-iconbox left type1  has-img   animation-true\" href=\"\" target=\"_self\" data-animation_speed=\"0.5\">\n\t\t\t\t<figure>\n\t\t\t\t\t\t\t<div class=\"iconbox-image\">\n\t\t\t\t\t<img width=\"35\" height=\"35\" src=\"data:image\/gif;base64,R0lGODlhAQABAAAAACH5BAEKAAEALAAAAAABAAEAAAICTAEAOw==\" class=\"thb_image  attachment-full thb-lazyload lazyload\" alt=\"\" decoding=\"async\" title=\"ic-clock\" loading=\"lazy\" data-src=\"https:\/\/veronastudio.eu\/wp-content\/uploads\/2020\/03\/ic-clock.svg\" data-sizes=\"auto\" \/>\t\t\t\t\t\t\t\t\t<\/div>\n\t\t\t\t\t\t\t\t\t\t\t\t<\/figure>\n\t\t\t\t<div class=\"iconbox-content\">\n\t\t\t\t\t\t\t<h5>Czas trwania zabiegu<\/h5>\t\t\t<p>30 minut<\/p>\n\t\t\t\t\t<\/div>\n\t\t<style>\n\t\t\t\t\t\t\t\t\t\t\t\t\t\t\t\t\t\t\t#thb-iconbox-69ff6802c10d2.thb-iconbox .iconbox-image img {\n\t\t\t\t\twidth: 35px;\n\t\t\t\t\theight: auto;\n\t\t\t\t}\n\t\t\t\t\t\t\t\t\t\t\t\t\/* Hover *\/\n\t\t\t\t\t\t\t\t\t\t\t<\/style>\n\t<\/div>\n\t[\/vc_column][vc_column fixed=&#8221;thb-fixed&#8221; width=&#8221;5\/6&#8243; offset=&#8221;vc_col-lg-offset-2 vc_col-lg-4 vc_col-sm-offset-1&#8243; el_class=&#8221;offer-cta-column&#8221;][vc_column_text el_class=&#8221;offer-cta-slogan&#8221;]Zarezerwuj termin<br \/>\nw Verona Studio[\/vc_column_text][vc_column_text el_class=&#8221;offer-cta-contact&#8221;]<a href=\"tel:+31685716578\">+31 685716578<\/a><br \/>\n<a href=\"mailto:info@veronastudio.eu\">info@veronastudio.eu<\/a>[\/vc_column_text][\/vc_column][\/vc_row][\/vc_section][vc_section full_width=&#8221;stretch_row&#8221; el_class=&#8221;verona-cta mg-top-140&#8243;][vc_row content_placement=&#8221;middle&#8221; el_class=&#8221;cta-wrapper&#8221;][vc_column width=&#8221;2\/3&#8243; offset=&#8221;vc_col-lg-offset-1 vc_col-lg-8&#8243;][vc_column_text el_class=&#8221;cta-heading&#8221;]Sprawd\u017a cennik naszych us\u0142ug[\/vc_column_text][\/vc_column][vc_column width=&#8221;1\/3&#8243; offset=&#8221;vc_col-lg-3&#8243;]\t<a id=\"thb-button-69ff6802c1e60\" class=\"btn style1 medium  accent small-radius    \" href=\"\/pl\/cennik\/\" target=\"_self\" role=\"button\">\n\t\t<span>Cennik<\/span>\n\t\t\t<\/a>\n\t\t[\/vc_column][\/vc_row][\/vc_section][vc_section full_width=&#8221;stretch_row&#8221; el_class=&#8221;verona-offer partial&#8221;][vc_row el_class=&#8221;offer-blocks-wrapper&#8221;][vc_column width=&#8221;1\/2&#8243; offset=&#8221;vc_col-lg-4&#8243;][vc_column_text el_class=&#8221;partial-offer-heading&#8221;]Poznaj nasze pozosta\u0142e us\u0142ugi[\/vc_column_text][\/vc_column][vc_column width=&#8221;1\/2&#8243; offset=&#8221;vc_col-lg-4&#8243;]\t<a id=\"thb-iconbox-69ff6802c1ef7\" class=\"has-link thb-iconbox top type6  has-img  text-left animation-true\" href=\"\/pl\/makijaz-permanentny\/\" target=\"_self\" data-animation_speed=\"0.3\">\n\t\t\t\t<figure>\n\t\t\t\t\t\t\t<div class=\"iconbox-image\">\n\t\t\t\t\t<img width=\"128\" height=\"125\" src=\"data:image\/gif;base64,R0lGODlhAQABAAAAACH5BAEKAAEALAAAAAABAAEAAAICTAEAOw==\" class=\"thb_image  attachment-full thb-lazyload lazyload\" alt=\"\" decoding=\"async\" title=\"ic-makijaz-permanentny\" loading=\"lazy\" data-src=\"https:\/\/veronastudio.eu\/wp-content\/uploads\/2020\/03\/ic-makijaz-permanentny.svg\" data-sizes=\"auto\" \/>\t\t\t\t\t\t\t\t\t<\/div>\n\t\t\t\t\t\t\t\t\t\t\t\t<\/figure>\n\t\t\t\t<div class=\"iconbox-content\">\n\t\t\t\t\t\t\t\t\t\t\t\t\t<span class=\"thb-read-more btn-text style4\">\n\t\t\t\t\t<span>Makija\u017c permanentny<\/span>\n\t\t\t\t\t\t\t\t\t\t\t<div class=\"arrow\"><div><svg xmlns=\"http:\/\/www.w3.org\/2000\/svg\" xmlns:xlink=\"http:\/\/www.w3.org\/1999\/xlink\" x=\"0px\" y=\"0px\"\r\n\t width=\"30px\" height=\"18px\" viewBox=\"0 0 30 18\" enable-background=\"new 0 0 30 18\" xml:space=\"preserve\">\r\n<path class=\"handle\" d=\"M20.305,16.212c-0.407,0.409-0.407,1.071,0,1.479s1.068,0.408,1.476,0l7.914-7.952c0.408-0.409,0.408-1.071,0-1.481\r\n\tl-7.914-7.952c-0.407-0.409-1.068-0.409-1.476,0s-0.407,1.071,0,1.48l7.185,7.221L20.305,16.212z\"\/>\r\n<path class=\"bar\" fill-rule=\"evenodd\" clip-rule=\"evenodd\" d=\"M1,8h28.001c0.551,0,1,0.448,1,1c0,0.553-0.449,1-1,1H1c-0.553,0-1-0.447-1-1\r\n\tC0,8.448,0.447,8,1,8z\"\/>\r\n<\/svg>\r\n<svg xmlns=\"http:\/\/www.w3.org\/2000\/svg\" xmlns:xlink=\"http:\/\/www.w3.org\/1999\/xlink\" x=\"0px\" y=\"0px\"\r\n\t width=\"30px\" height=\"18px\" viewBox=\"0 0 30 18\" enable-background=\"new 0 0 30 18\" xml:space=\"preserve\">\r\n<path class=\"handle\" d=\"M20.305,16.212c-0.407,0.409-0.407,1.071,0,1.479s1.068,0.408,1.476,0l7.914-7.952c0.408-0.409,0.408-1.071,0-1.481\r\n\tl-7.914-7.952c-0.407-0.409-1.068-0.409-1.476,0s-0.407,1.071,0,1.48l7.185,7.221L20.305,16.212z\"\/>\r\n<path class=\"bar\" fill-rule=\"evenodd\" clip-rule=\"evenodd\" d=\"M1,8h28.001c0.551,0,1,0.448,1,1c0,0.553-0.449,1-1,1H1c-0.553,0-1-0.447-1-1\r\n\tC0,8.448,0.447,8,1,8z\"\/>\r\n<\/svg>\r\n<\/div><\/div>\n\t\t\t\t\t\t\t\t\t\t\t\t\t\t<\/span>\n\t\t\t\t\t<\/div>\n\t\t<style>\n\t\t\t\t\t\t\t\t\t\t\t\t\t\t\t\t\t\t\t#thb-iconbox-69ff6802c1ef7.thb-iconbox .iconbox-image img {\n\t\t\t\t\twidth: 128px;\n\t\t\t\t\theight: auto;\n\t\t\t\t}\n\t\t\t\t\t\t\t\t\t\t\t\t\/* Hover *\/\n\t\t\t\t\t\t\t\t\t\t\t<\/style>\n\t<\/a>\n\t[\/vc_column][vc_column width=&#8221;1\/2&#8243; offset=&#8221;vc_col-lg-4&#8243;]\t<a id=\"thb-iconbox-69ff6802c2af5\" class=\"has-link thb-iconbox top type6  has-img  text-left animation-true\" href=\"\/pl\/stylizacja-brwi\/\" target=\"_self\" data-animation_speed=\"0.3\">\n\t\t\t\t<figure>\n\t\t\t\t\t\t\t<div class=\"iconbox-image\">\n\t\t\t\t\t<img width=\"128\" height=\"125\" src=\"data:image\/gif;base64,R0lGODlhAQABAAAAACH5BAEKAAEALAAAAAABAAEAAAICTAEAOw==\" class=\"thb_image  attachment-full thb-lazyload lazyload\" alt=\"\" decoding=\"async\" title=\"ic-stylizacja-brwi\" loading=\"lazy\" data-src=\"https:\/\/veronastudio.eu\/wp-content\/uploads\/2020\/03\/ic-stylizacja-brwi.svg\" data-sizes=\"auto\" \/>\t\t\t\t\t\t\t\t\t<\/div>\n\t\t\t\t\t\t\t\t\t\t\t\t<\/figure>\n\t\t\t\t<div class=\"iconbox-content\">\n\t\t\t\t\t\t\t\t\t\t\t\t\t<span class=\"thb-read-more btn-text style4\">\n\t\t\t\t\t<span>Stylizacja brwi<\/span>\n\t\t\t\t\t\t\t\t\t\t\t<div class=\"arrow\"><div><svg xmlns=\"http:\/\/www.w3.org\/2000\/svg\" xmlns:xlink=\"http:\/\/www.w3.org\/1999\/xlink\" x=\"0px\" y=\"0px\"\r\n\t width=\"30px\" height=\"18px\" viewBox=\"0 0 30 18\" enable-background=\"new 0 0 30 18\" xml:space=\"preserve\">\r\n<path class=\"handle\" d=\"M20.305,16.212c-0.407,0.409-0.407,1.071,0,1.479s1.068,0.408,1.476,0l7.914-7.952c0.408-0.409,0.408-1.071,0-1.481\r\n\tl-7.914-7.952c-0.407-0.409-1.068-0.409-1.476,0s-0.407,1.071,0,1.48l7.185,7.221L20.305,16.212z\"\/>\r\n<path class=\"bar\" fill-rule=\"evenodd\" clip-rule=\"evenodd\" d=\"M1,8h28.001c0.551,0,1,0.448,1,1c0,0.553-0.449,1-1,1H1c-0.553,0-1-0.447-1-1\r\n\tC0,8.448,0.447,8,1,8z\"\/>\r\n<\/svg>\r\n<svg xmlns=\"http:\/\/www.w3.org\/2000\/svg\" xmlns:xlink=\"http:\/\/www.w3.org\/1999\/xlink\" x=\"0px\" y=\"0px\"\r\n\t width=\"30px\" height=\"18px\" viewBox=\"0 0 30 18\" enable-background=\"new 0 0 30 18\" xml:space=\"preserve\">\r\n<path class=\"handle\" d=\"M20.305,16.212c-0.407,0.409-0.407,1.071,0,1.479s1.068,0.408,1.476,0l7.914-7.952c0.408-0.409,0.408-1.071,0-1.481\r\n\tl-7.914-7.952c-0.407-0.409-1.068-0.409-1.476,0s-0.407,1.071,0,1.48l7.185,7.221L20.305,16.212z\"\/>\r\n<path class=\"bar\" fill-rule=\"evenodd\" clip-rule=\"evenodd\" d=\"M1,8h28.001c0.551,0,1,0.448,1,1c0,0.553-0.449,1-1,1H1c-0.553,0-1-0.447-1-1\r\n\tC0,8.448,0.447,8,1,8z\"\/>\r\n<\/svg>\r\n<\/div><\/div>\n\t\t\t\t\t\t\t\t\t\t\t\t\t\t<\/span>\n\t\t\t\t\t<\/div>\n\t\t<style>\n\t\t\t\t\t\t\t\t\t\t\t\t\t\t\t\t\t\t\t#thb-iconbox-69ff6802c2af5.thb-iconbox .iconbox-image img {\n\t\t\t\t\twidth: 128px;\n\t\t\t\t\theight: auto;\n\t\t\t\t}\n\t\t\t\t\t\t\t\t\t\t\t\t\/* Hover *\/\n\t\t\t\t\t\t\t\t\t\t\t<\/style>\n\t<\/a>\n\t[\/vc_column][vc_column width=&#8221;1\/2&#8243; offset=&#8221;vc_col-lg-4&#8243;]\t<a id=\"thb-iconbox-69ff6802c829c\" class=\"has-link thb-iconbox top type6  has-img  text-left animation-true\" href=\"\/pl\/lifting-rzes\/\" target=\"_self\" data-animation_speed=\"0.3\">\n\t\t\t\t<figure>\n\t\t\t\t\t\t\t<div class=\"iconbox-image\">\n\t\t\t\t\t<img width=\"128\" height=\"125\" src=\"data:image\/gif;base64,R0lGODlhAQABAAAAACH5BAEKAAEALAAAAAABAAEAAAICTAEAOw==\" class=\"thb_image  attachment-full thb-lazyload lazyload\" alt=\"\" decoding=\"async\" title=\"ic-lifting-rzes\" loading=\"lazy\" data-src=\"https:\/\/veronastudio.eu\/wp-content\/uploads\/2020\/03\/ic-lifting-rzes.svg\" data-sizes=\"auto\" \/>\t\t\t\t\t\t\t\t\t<\/div>\n\t\t\t\t\t\t\t\t\t\t\t\t<\/figure>\n\t\t\t\t<div class=\"iconbox-content\">\n\t\t\t\t\t\t\t\t\t\t\t\t\t<span class=\"thb-read-more btn-text style4\">\n\t\t\t\t\t<span>Lifting rz\u0119s<\/span>\n\t\t\t\t\t\t\t\t\t\t\t<div class=\"arrow\"><div><svg xmlns=\"http:\/\/www.w3.org\/2000\/svg\" xmlns:xlink=\"http:\/\/www.w3.org\/1999\/xlink\" x=\"0px\" y=\"0px\"\r\n\t width=\"30px\" height=\"18px\" viewBox=\"0 0 30 18\" enable-background=\"new 0 0 30 18\" xml:space=\"preserve\">\r\n<path class=\"handle\" d=\"M20.305,16.212c-0.407,0.409-0.407,1.071,0,1.479s1.068,0.408,1.476,0l7.914-7.952c0.408-0.409,0.408-1.071,0-1.481\r\n\tl-7.914-7.952c-0.407-0.409-1.068-0.409-1.476,0s-0.407,1.071,0,1.48l7.185,7.221L20.305,16.212z\"\/>\r\n<path class=\"bar\" fill-rule=\"evenodd\" clip-rule=\"evenodd\" d=\"M1,8h28.001c0.551,0,1,0.448,1,1c0,0.553-0.449,1-1,1H1c-0.553,0-1-0.447-1-1\r\n\tC0,8.448,0.447,8,1,8z\"\/>\r\n<\/svg>\r\n<svg xmlns=\"http:\/\/www.w3.org\/2000\/svg\" xmlns:xlink=\"http:\/\/www.w3.org\/1999\/xlink\" x=\"0px\" y=\"0px\"\r\n\t width=\"30px\" height=\"18px\" viewBox=\"0 0 30 18\" enable-background=\"new 0 0 30 18\" xml:space=\"preserve\">\r\n<path class=\"handle\" d=\"M20.305,16.212c-0.407,0.409-0.407,1.071,0,1.479s1.068,0.408,1.476,0l7.914-7.952c0.408-0.409,0.408-1.071,0-1.481\r\n\tl-7.914-7.952c-0.407-0.409-1.068-0.409-1.476,0s-0.407,1.071,0,1.48l7.185,7.221L20.305,16.212z\"\/>\r\n<path class=\"bar\" fill-rule=\"evenodd\" clip-rule=\"evenodd\" d=\"M1,8h28.001c0.551,0,1,0.448,1,1c0,0.553-0.449,1-1,1H1c-0.553,0-1-0.447-1-1\r\n\tC0,8.448,0.447,8,1,8z\"\/>\r\n<\/svg>\r\n<\/div><\/div>\n\t\t\t\t\t\t\t\t\t\t\t\t\t\t<\/span>\n\t\t\t\t\t<\/div>\n\t\t<style>\n\t\t\t\t\t\t\t\t\t\t\t\t\t\t\t\t\t\t\t#thb-iconbox-69ff6802c829c.thb-iconbox .iconbox-image img {\n\t\t\t\t\twidth: 128px;\n\t\t\t\t\theight: auto;\n\t\t\t\t}\n\t\t\t\t\t\t\t\t\t\t\t\t\/* Hover *\/\n\t\t\t\t\t\t\t\t\t\t\t<\/style>\n\t<\/a>\n\t[\/vc_column][vc_column width=&#8221;1\/2&#8243; offset=&#8221;vc_col-lg-4&#8243;]\t<a id=\"thb-iconbox-69ff6802c9016\" class=\"has-link thb-iconbox top type6  has-img  text-left animation-true\" href=\"\/pl\/manicure-i-nail-art\/\" target=\"_self\" data-animation_speed=\"0.3\">\n\t\t\t\t<figure>\n\t\t\t\t\t\t\t<div class=\"iconbox-image\">\n\t\t\t\t\t<img width=\"128\" height=\"125\" src=\"data:image\/gif;base64,R0lGODlhAQABAAAAACH5BAEKAAEALAAAAAABAAEAAAICTAEAOw==\" class=\"thb_image  attachment-full thb-lazyload lazyload\" alt=\"\" decoding=\"async\" title=\"ic-manicure\" loading=\"lazy\" data-src=\"https:\/\/veronastudio.eu\/wp-content\/uploads\/2020\/03\/ic-manicure.svg\" data-sizes=\"auto\" \/>\t\t\t\t\t\t\t\t\t<\/div>\n\t\t\t\t\t\t\t\t\t\t\t\t<\/figure>\n\t\t\t\t<div class=\"iconbox-content\">\n\t\t\t\t\t\t\t\t\t\t\t\t\t<span class=\"thb-read-more btn-text style4\">\n\t\t\t\t\t<span>Manicure i Nail Art<\/span>\n\t\t\t\t\t\t\t\t\t\t\t<div class=\"arrow\"><div><svg xmlns=\"http:\/\/www.w3.org\/2000\/svg\" xmlns:xlink=\"http:\/\/www.w3.org\/1999\/xlink\" x=\"0px\" y=\"0px\"\r\n\t width=\"30px\" height=\"18px\" viewBox=\"0 0 30 18\" enable-background=\"new 0 0 30 18\" xml:space=\"preserve\">\r\n<path class=\"handle\" d=\"M20.305,16.212c-0.407,0.409-0.407,1.071,0,1.479s1.068,0.408,1.476,0l7.914-7.952c0.408-0.409,0.408-1.071,0-1.481\r\n\tl-7.914-7.952c-0.407-0.409-1.068-0.409-1.476,0s-0.407,1.071,0,1.48l7.185,7.221L20.305,16.212z\"\/>\r\n<path class=\"bar\" fill-rule=\"evenodd\" clip-rule=\"evenodd\" d=\"M1,8h28.001c0.551,0,1,0.448,1,1c0,0.553-0.449,1-1,1H1c-0.553,0-1-0.447-1-1\r\n\tC0,8.448,0.447,8,1,8z\"\/>\r\n<\/svg>\r\n<svg xmlns=\"http:\/\/www.w3.org\/2000\/svg\" xmlns:xlink=\"http:\/\/www.w3.org\/1999\/xlink\" x=\"0px\" y=\"0px\"\r\n\t width=\"30px\" height=\"18px\" viewBox=\"0 0 30 18\" enable-background=\"new 0 0 30 18\" xml:space=\"preserve\">\r\n<path class=\"handle\" d=\"M20.305,16.212c-0.407,0.409-0.407,1.071,0,1.479s1.068,0.408,1.476,0l7.914-7.952c0.408-0.409,0.408-1.071,0-1.481\r\n\tl-7.914-7.952c-0.407-0.409-1.068-0.409-1.476,0s-0.407,1.071,0,1.48l7.185,7.221L20.305,16.212z\"\/>\r\n<path class=\"bar\" fill-rule=\"evenodd\" clip-rule=\"evenodd\" d=\"M1,8h28.001c0.551,0,1,0.448,1,1c0,0.553-0.449,1-1,1H1c-0.553,0-1-0.447-1-1\r\n\tC0,8.448,0.447,8,1,8z\"\/>\r\n<\/svg>\r\n<\/div><\/div>\n\t\t\t\t\t\t\t\t\t\t\t\t\t\t<\/span>\n\t\t\t\t\t<\/div>\n\t\t<style>\n\t\t\t\t\t\t\t\t\t\t\t\t\t\t\t\t\t\t\t#thb-iconbox-69ff6802c9016.thb-iconbox .iconbox-image img {\n\t\t\t\t\twidth: 128px;\n\t\t\t\t\theight: auto;\n\t\t\t\t}\n\t\t\t\t\t\t\t\t\t\t\t\t\/* Hover *\/\n\t\t\t\t\t\t\t\t\t\t\t<\/style>\n\t<\/a>\n\t[\/vc_column][vc_column width=&#8221;1\/2&#8243; offset=&#8221;vc_col-lg-4&#8243;]\t<a id=\"thb-iconbox-69ff6802c9b0e\" class=\"has-link thb-iconbox top type6  has-img  text-left animation-true\" href=\"\/pl\/depilacja-woskiem\/\" target=\"_self\" data-animation_speed=\"0.3\">\n\t\t\t\t<figure>\n\t\t\t\t\t\t\t<div class=\"iconbox-image\">\n\t\t\t\t\t<img width=\"128\" height=\"125\" src=\"data:image\/gif;base64,R0lGODlhAQABAAAAACH5BAEKAAEALAAAAAABAAEAAAICTAEAOw==\" class=\"thb_image  attachment-full thb-lazyload lazyload\" alt=\"\" decoding=\"async\" title=\"ic-depilacja-woskiem\" loading=\"lazy\" data-src=\"https:\/\/veronastudio.eu\/wp-content\/uploads\/2020\/03\/ic-depilacja-woskiem.svg\" data-sizes=\"auto\" \/>\t\t\t\t\t\t\t\t\t<\/div>\n\t\t\t\t\t\t\t\t\t\t\t\t<\/figure>\n\t\t\t\t<div class=\"iconbox-content\">\n\t\t\t\t\t\t\t\t\t\t\t\t\t<span class=\"thb-read-more btn-text style4\">\n\t\t\t\t\t<span>Depilacja woskiem<\/span>\n\t\t\t\t\t\t\t\t\t\t\t<div class=\"arrow\"><div><svg xmlns=\"http:\/\/www.w3.org\/2000\/svg\" xmlns:xlink=\"http:\/\/www.w3.org\/1999\/xlink\" x=\"0px\" y=\"0px\"\r\n\t width=\"30px\" height=\"18px\" viewBox=\"0 0 30 18\" enable-background=\"new 0 0 30 18\" xml:space=\"preserve\">\r\n<path class=\"handle\" d=\"M20.305,16.212c-0.407,0.409-0.407,1.071,0,1.479s1.068,0.408,1.476,0l7.914-7.952c0.408-0.409,0.408-1.071,0-1.481\r\n\tl-7.914-7.952c-0.407-0.409-1.068-0.409-1.476,0s-0.407,1.071,0,1.48l7.185,7.221L20.305,16.212z\"\/>\r\n<path class=\"bar\" fill-rule=\"evenodd\" clip-rule=\"evenodd\" d=\"M1,8h28.001c0.551,0,1,0.448,1,1c0,0.553-0.449,1-1,1H1c-0.553,0-1-0.447-1-1\r\n\tC0,8.448,0.447,8,1,8z\"\/>\r\n<\/svg>\r\n<svg xmlns=\"http:\/\/www.w3.org\/2000\/svg\" xmlns:xlink=\"http:\/\/www.w3.org\/1999\/xlink\" x=\"0px\" y=\"0px\"\r\n\t width=\"30px\" height=\"18px\" viewBox=\"0 0 30 18\" enable-background=\"new 0 0 30 18\" xml:space=\"preserve\">\r\n<path class=\"handle\" d=\"M20.305,16.212c-0.407,0.409-0.407,1.071,0,1.479s1.068,0.408,1.476,0l7.914-7.952c0.408-0.409,0.408-1.071,0-1.481\r\n\tl-7.914-7.952c-0.407-0.409-1.068-0.409-1.476,0s-0.407,1.071,0,1.48l7.185,7.221L20.305,16.212z\"\/>\r\n<path class=\"bar\" fill-rule=\"evenodd\" clip-rule=\"evenodd\" d=\"M1,8h28.001c0.551,0,1,0.448,1,1c0,0.553-0.449,1-1,1H1c-0.553,0-1-0.447-1-1\r\n\tC0,8.448,0.447,8,1,8z\"\/>\r\n<\/svg>\r\n<\/div><\/div>\n\t\t\t\t\t\t\t\t\t\t\t\t\t\t<\/span>\n\t\t\t\t\t<\/div>\n\t\t<style>\n\t\t\t\t\t\t\t\t\t\t\t\t\t\t\t\t\t\t\t#thb-iconbox-69ff6802c9b0e.thb-iconbox .iconbox-image img {\n\t\t\t\t\twidth: 128px;\n\t\t\t\t\theight: auto;\n\t\t\t\t}\n\t\t\t\t\t\t\t\t\t\t\t\t\/* Hover *\/\n\t\t\t\t\t\t\t\t\t\t\t<\/style>\n\t<\/a>\n\t[\/vc_column][\/vc_row][\/vc_section]\n<\/div>","protected":false},"excerpt":{"rendered":"<p>[vc_section full_width=&#8221;stretch_row&#8221; el_class=&#8221;verona-subheader&#8221;][vc_row content_placement=&#8221;bottom&#8221;][vc_column offset=&#8221;vc_col-lg-7&#8243;][vc_column_text el_class=&#8221;subheader-heading&#8221;] Piel\u0119gnacja d\u0142oni [\/vc_column_text][\/vc_column][vc_column offset=&#8221;vc_col-lg-5&#8243;][vc_column_text el_class=&#8221;subheader-slogan&#8221;]Bomba witaminowa dla sk\u00f3ry[\/vc_column_text][\/vc_column][\/vc_row][\/vc_section][vc_section el_class=&#8221;verona-offer-content&#8221;][vc_row][vc_column width=&#8221;5\/6&#8243; offset=&#8221;vc_col-lg-offset-0 vc_col-lg-6 vc_col-sm-offset-1&#8243;][vc_column_text el_class=&#8221;offer-heading-regular&#8221;] Parafina na d\u0142onie [\/vc_column_text][vc_column_text el_class=&#8221;intro&#8221;]Parafina na d\u0142onie to prawdziwa bomba witaminowa dla sk\u00f3ry! Kompleksowa pielegnacja d\u0142oni polecana szczeg\u00f3lnie jesieni\u0105 i zim\u0105. Zabieg obejmuje peeling d\u0142oni, masa\u017c d\u0142oni z mask\u0105 od\u017cywcz\u0105 i parafin\u0119.[\/vc_column_text][vc_empty_space mobile_height=&#8221;35px&#8221; height=&#8221;45px&#8221;][vc_empty_space mobile_height=&#8221;35px&#8221;&hellip;<\/p>\n","protected":false},"author":1,"featured_media":0,"parent":0,"menu_order":0,"comment_status":"closed","ping_status":"closed","template":"","meta":{"_seopress_robots_primary_cat":"","footnotes":""},"_links":{"self":[{"href":"https:\/\/veronastudio.eu\/pl\/wp-json\/wp\/v2\/pages\/245"}],"collection":[{"href":"https:\/\/veronastudio.eu\/pl\/wp-json\/wp\/v2\/pages"}],"about":[{"href":"https:\/\/veronastudio.eu\/pl\/wp-json\/wp\/v2\/types\/page"}],"author":[{"embeddable":true,"href":"https:\/\/veronastudio.eu\/pl\/wp-json\/wp\/v2\/users\/1"}],"replies":[{"embeddable":true,"href":"https:\/\/veronastudio.eu\/pl\/wp-json\/wp\/v2\/comments?post=245"}],"version-history":[{"count":0,"href":"https:\/\/veronastudio.eu\/pl\/wp-json\/wp\/v2\/pages\/245\/revisions"}],"wp:attachment":[{"href":"https:\/\/veronastudio.eu\/pl\/wp-json\/wp\/v2\/media?parent=245"}],"curies":[{"name":"wp","href":"https:\/\/api.w.org\/{rel}","templated":true}]}}