{"id":224,"date":"2020-03-31T11:31:12","date_gmt":"2020-03-31T09:31:12","guid":{"rendered":"https:\/\/veronastudio.eu\/?page_id=224"},"modified":"2020-04-14T15:28:34","modified_gmt":"2020-04-14T13:28:34","slug":"depilacja-woskiem","status":"publish","type":"page","link":"https:\/\/veronastudio.eu\/pl\/depilacja-woskiem\/","title":{"rendered":"Depilacja woskiem"},"content":{"rendered":"<div class=\"wpb-content-wrapper\">[vc_section full_width=&#8221;stretch_row&#8221; el_class=&#8221;verona-subheader&#8221;][vc_row content_placement=&#8221;bottom&#8221;][vc_column offset=&#8221;vc_col-lg-7&#8243;][vc_column_text el_class=&#8221;subheader-heading&#8221;]\n<h1>Depilacja woskiem<\/h1>\n[\/vc_column_text][\/vc_column][vc_column offset=&#8221;vc_col-lg-5&#8243;][vc_column_text el_class=&#8221;subheader-slogan&#8221;]Sk\u00f3ra g\u0142adka przez d\u0142ugi czas[\/vc_column_text][\/vc_column][\/vc_row][\/vc_section][vc_section el_class=&#8221;verona-offer-content&#8221;][vc_row][vc_column width=&#8221;5\/6&#8243; offset=&#8221;vc_col-lg-offset-0 vc_col-lg-6 vc_col-sm-offset-1&#8243;]\t<div id=\"thb-image-69f4134bc4451\" class=\"caption-style1 animation fade-in alignnone  product-logo thb_image_link wp-caption \">\n\t\t\t<div class=\"thb-image-inner size_100\">\n\t\t\t<img class=\"thb_image     lazyload\" src=\"data:image\/gif;base64,R0lGODlhAQABAAAAACH5BAEKAAEALAAAAAABAAEAAAICTAEAOw==\" data-src=\"https:\/\/veronastudio.eu\/wp-content\/uploads\/2020\/03\/logo-depileve2x-253x85.png\" width=\"253\" height=\"85\" alt=\"logo-depileve@2x\" title=\"logo-depileve@2x\" loading=\"lazy\" \/>\t\t\t\t\t<\/div>\n\t\t\t\t\t<\/div>\n\t[vc_column_text el_class=&#8221;offer-heading-regular&#8221;]\n<h2>Depilacja woskiem Depileve<\/h2>\n[\/vc_column_text][vc_column_text el_class=&#8221;intro&#8221;]Szeroka oferta wosk\u00f3w Depileve oraz odpowiedni rodzaj depilacji sprawi, \u017ce wybrany zabieg spe\u0142ni wszelkie oczekiwania, a sk\u00f3ra pozostanie g\u0142adka przez d\u0142ugi czas. W moim salonie oferuj\u0119 Ci depilacj\u0119 woskiem Depileve <em>od st\u00f3p do g\u0142\u00f3w<\/em>.[\/vc_column_text][vc_empty_space mobile_height=&#8221;35px&#8221; height=&#8221;45px&#8221;][vc_column_text el_class=&#8221;offer-heading-small&#8221;]\n<h2>Depilacja bezpaskowa<\/h2>\n[\/vc_column_text][vc_column_text]Depilacja bezpaskowa jest wykonywana bez u\u017cycia pask\u00f3w fizelinowych. W tej technice pracujemy wy\u0142\u0105cznie samym woskiem, kt\u00f3ry po zastygni\u0119ciu w ca\u0142o\u015bci usuwamy z powierzchni sk\u00f3ry. Technika bezpaskowa jest rekomendowana do depilacji okolic najbardziej wra\u017cliwych i trudnodost\u0119pnych. Dzi\u0119ki tej metodzie mo\u017cliwa jest dok\u0142adna depilacja przy zachowaniu maksymalnego komfortu.[\/vc_column_text][vc_column_text el_class=&#8221;offer-heading-small&#8221;]\n<h2>Depilacja paskowa<\/h2>\n[\/vc_column_text][vc_column_text]Depilacja paskowa jest klasyczn\u0105 metod\u0105 likwidacji zb\u0119dnego ow\u0142osienia przy u\u017cyciu wosku Depileve oraz paskow fizelinowych. Technik\u0119 t\u0105 stosujemy do depilacji cia\u0142a, a w szczeg\u00f3lno\u015bci n\u00f3g, r\u0105k, plec\u00f3w i torsu. Optymalna lepko\u015b\u0107 wosk\u00f3w sprawia, \u017ce podra\u017cnienie po depilacji jest niewielkie, a praca jest czyst\u0105 przyjemno\u015bci\u0105.[\/vc_column_text][vc_empty_space mobile_height=&#8221;5px&#8221; height=&#8221;5px&#8221;]\t<div id=\"thb-iconbox-69f4134bc4a93\" class=\"thb-iconbox left type1  has-img   animation-true\" href=\"\" target=\"_self\" data-animation_speed=\"0.5\">\n\t\t\t\t<figure>\n\t\t\t\t\t\t\t<div class=\"iconbox-image\">\n\t\t\t\t\t<img width=\"35\" height=\"35\" src=\"data:image\/gif;base64,R0lGODlhAQABAAAAACH5BAEKAAEALAAAAAABAAEAAAICTAEAOw==\" class=\"thb_image  attachment-full thb-lazyload lazyload\" alt=\"\" decoding=\"async\" title=\"ic-clock\" loading=\"lazy\" data-src=\"https:\/\/veronastudio.eu\/wp-content\/uploads\/2020\/03\/ic-clock.svg\" data-sizes=\"auto\" \/>\t\t\t\t\t\t\t\t\t<\/div>\n\t\t\t\t\t\t\t\t\t\t\t\t<\/figure>\n\t\t\t\t<div class=\"iconbox-content\">\n\t\t\t\t\t\t\t<h5>Czas trwania zabiegu<\/h5>\t\t\t<p>Czas zabiegu uzale\u017cniony jest od obszaru depilacji<\/p>\n\t\t\t\t\t<\/div>\n\t\t<style>\n\t\t\t\t\t\t\t\t\t\t\t\t\t\t\t\t\t\t\t#thb-iconbox-69f4134bc4a93.thb-iconbox .iconbox-image img {\n\t\t\t\t\twidth: 35px;\n\t\t\t\t\theight: auto;\n\t\t\t\t}\n\t\t\t\t\t\t\t\t\t\t\t\t\/* Hover *\/\n\t\t\t\t\t\t\t\t\t\t\t<\/style>\n\t<\/div>\n\t\t<a class=\"btn-text  animation fade-in style4\" href=\"\/pl\/przeciwwskazania-depilacja-woskiem\/\" target=\"_self\" role=\"button\" title=\"Sprawd\u017a przeciwwskazania do zabiegu\">\n\t\t<span>Sprawd\u017a przeciwwskazania do zabiegu<\/span>\n\t\t\t\t<div class=\"arrow\"><div><svg xmlns=\"http:\/\/www.w3.org\/2000\/svg\" xmlns:xlink=\"http:\/\/www.w3.org\/1999\/xlink\" x=\"0px\" y=\"0px\"\r\n\t width=\"30px\" height=\"18px\" viewBox=\"0 0 30 18\" enable-background=\"new 0 0 30 18\" xml:space=\"preserve\">\r\n<path class=\"handle\" d=\"M20.305,16.212c-0.407,0.409-0.407,1.071,0,1.479s1.068,0.408,1.476,0l7.914-7.952c0.408-0.409,0.408-1.071,0-1.481\r\n\tl-7.914-7.952c-0.407-0.409-1.068-0.409-1.476,0s-0.407,1.071,0,1.48l7.185,7.221L20.305,16.212z\"\/>\r\n<path class=\"bar\" fill-rule=\"evenodd\" clip-rule=\"evenodd\" d=\"M1,8h28.001c0.551,0,1,0.448,1,1c0,0.553-0.449,1-1,1H1c-0.553,0-1-0.447-1-1\r\n\tC0,8.448,0.447,8,1,8z\"\/>\r\n<\/svg>\r\n<svg xmlns=\"http:\/\/www.w3.org\/2000\/svg\" xmlns:xlink=\"http:\/\/www.w3.org\/1999\/xlink\" x=\"0px\" y=\"0px\"\r\n\t width=\"30px\" height=\"18px\" viewBox=\"0 0 30 18\" enable-background=\"new 0 0 30 18\" xml:space=\"preserve\">\r\n<path class=\"handle\" d=\"M20.305,16.212c-0.407,0.409-0.407,1.071,0,1.479s1.068,0.408,1.476,0l7.914-7.952c0.408-0.409,0.408-1.071,0-1.481\r\n\tl-7.914-7.952c-0.407-0.409-1.068-0.409-1.476,0s-0.407,1.071,0,1.48l7.185,7.221L20.305,16.212z\"\/>\r\n<path class=\"bar\" fill-rule=\"evenodd\" clip-rule=\"evenodd\" d=\"M1,8h28.001c0.551,0,1,0.448,1,1c0,0.553-0.449,1-1,1H1c-0.553,0-1-0.447-1-1\r\n\tC0,8.448,0.447,8,1,8z\"\/>\r\n<\/svg>\r\n<\/div><\/div>\t\t<\/a>\n\n\t[\/vc_column][vc_column fixed=&#8221;thb-fixed&#8221; width=&#8221;5\/6&#8243; offset=&#8221;vc_col-lg-offset-2 vc_col-lg-4 vc_col-sm-offset-1&#8243; el_class=&#8221;offer-cta-column&#8221;][vc_column_text el_class=&#8221;offer-cta-slogan&#8221;]Zarezerwuj termin<br \/>\nw Verona Studio[\/vc_column_text][vc_column_text el_class=&#8221;offer-cta-contact&#8221;]<a href=\"tel:+31685716578\">+31 685716578<\/a><br \/>\n<a href=\"mailto:info@veronastudio.eu\">info@veronastudio.eu<\/a>[\/vc_column_text][\/vc_column][\/vc_row][\/vc_section][vc_section full_width=&#8221;stretch_row&#8221; el_class=&#8221;verona-cta mg-top-140&#8243;][vc_row content_placement=&#8221;middle&#8221; el_class=&#8221;cta-wrapper&#8221;][vc_column width=&#8221;2\/3&#8243; offset=&#8221;vc_col-lg-offset-1 vc_col-lg-8&#8243;][vc_column_text el_class=&#8221;cta-heading&#8221;]Sprawd\u017a cennik naszych us\u0142ug[\/vc_column_text][\/vc_column][vc_column width=&#8221;1\/3&#8243; offset=&#8221;vc_col-lg-3&#8243;]\t<a id=\"thb-button-69f4134bc55f5\" class=\"btn style1 medium  accent small-radius    \" href=\"\/pl\/cennik\/\" target=\"_self\" role=\"button\">\n\t\t<span>Cennik<\/span>\n\t\t\t<\/a>\n\t\t[\/vc_column][\/vc_row][\/vc_section][vc_section full_width=&#8221;stretch_row&#8221; el_class=&#8221;verona-offer partial&#8221;][vc_row el_class=&#8221;offer-blocks-wrapper&#8221;][vc_column width=&#8221;1\/2&#8243; offset=&#8221;vc_col-lg-4&#8243;][vc_column_text el_class=&#8221;partial-offer-heading&#8221;]Poznaj nasze pozosta\u0142e us\u0142ugi[\/vc_column_text][\/vc_column][vc_column width=&#8221;1\/2&#8243; offset=&#8221;vc_col-lg-4&#8243;]\t<a id=\"thb-iconbox-69f4134bc5643\" class=\"has-link thb-iconbox top type6  has-img  text-left animation-true\" href=\"\/pl\/makijaz-permanentny\/\" target=\"_self\" data-animation_speed=\"0.3\">\n\t\t\t\t<figure>\n\t\t\t\t\t\t\t<div class=\"iconbox-image\">\n\t\t\t\t\t<img width=\"128\" height=\"125\" src=\"data:image\/gif;base64,R0lGODlhAQABAAAAACH5BAEKAAEALAAAAAABAAEAAAICTAEAOw==\" class=\"thb_image  attachment-full thb-lazyload lazyload\" alt=\"\" decoding=\"async\" title=\"ic-makijaz-permanentny\" loading=\"lazy\" data-src=\"https:\/\/veronastudio.eu\/wp-content\/uploads\/2020\/03\/ic-makijaz-permanentny.svg\" data-sizes=\"auto\" \/>\t\t\t\t\t\t\t\t\t<\/div>\n\t\t\t\t\t\t\t\t\t\t\t\t<\/figure>\n\t\t\t\t<div class=\"iconbox-content\">\n\t\t\t\t\t\t\t\t\t\t\t\t\t<span class=\"thb-read-more btn-text style4\">\n\t\t\t\t\t<span>Makija\u017c permanentny<\/span>\n\t\t\t\t\t\t\t\t\t\t\t<div class=\"arrow\"><div><svg xmlns=\"http:\/\/www.w3.org\/2000\/svg\" xmlns:xlink=\"http:\/\/www.w3.org\/1999\/xlink\" x=\"0px\" y=\"0px\"\r\n\t width=\"30px\" height=\"18px\" viewBox=\"0 0 30 18\" enable-background=\"new 0 0 30 18\" xml:space=\"preserve\">\r\n<path class=\"handle\" d=\"M20.305,16.212c-0.407,0.409-0.407,1.071,0,1.479s1.068,0.408,1.476,0l7.914-7.952c0.408-0.409,0.408-1.071,0-1.481\r\n\tl-7.914-7.952c-0.407-0.409-1.068-0.409-1.476,0s-0.407,1.071,0,1.48l7.185,7.221L20.305,16.212z\"\/>\r\n<path class=\"bar\" fill-rule=\"evenodd\" clip-rule=\"evenodd\" d=\"M1,8h28.001c0.551,0,1,0.448,1,1c0,0.553-0.449,1-1,1H1c-0.553,0-1-0.447-1-1\r\n\tC0,8.448,0.447,8,1,8z\"\/>\r\n<\/svg>\r\n<svg xmlns=\"http:\/\/www.w3.org\/2000\/svg\" xmlns:xlink=\"http:\/\/www.w3.org\/1999\/xlink\" x=\"0px\" y=\"0px\"\r\n\t width=\"30px\" height=\"18px\" viewBox=\"0 0 30 18\" enable-background=\"new 0 0 30 18\" xml:space=\"preserve\">\r\n<path class=\"handle\" d=\"M20.305,16.212c-0.407,0.409-0.407,1.071,0,1.479s1.068,0.408,1.476,0l7.914-7.952c0.408-0.409,0.408-1.071,0-1.481\r\n\tl-7.914-7.952c-0.407-0.409-1.068-0.409-1.476,0s-0.407,1.071,0,1.48l7.185,7.221L20.305,16.212z\"\/>\r\n<path class=\"bar\" fill-rule=\"evenodd\" clip-rule=\"evenodd\" d=\"M1,8h28.001c0.551,0,1,0.448,1,1c0,0.553-0.449,1-1,1H1c-0.553,0-1-0.447-1-1\r\n\tC0,8.448,0.447,8,1,8z\"\/>\r\n<\/svg>\r\n<\/div><\/div>\n\t\t\t\t\t\t\t\t\t\t\t\t\t\t<\/span>\n\t\t\t\t\t<\/div>\n\t\t<style>\n\t\t\t\t\t\t\t\t\t\t\t\t\t\t\t\t\t\t\t#thb-iconbox-69f4134bc5643.thb-iconbox .iconbox-image img {\n\t\t\t\t\twidth: 128px;\n\t\t\t\t\theight: auto;\n\t\t\t\t}\n\t\t\t\t\t\t\t\t\t\t\t\t\/* Hover *\/\n\t\t\t\t\t\t\t\t\t\t\t<\/style>\n\t<\/a>\n\t[\/vc_column][vc_column width=&#8221;1\/2&#8243; offset=&#8221;vc_col-lg-4&#8243;]\t<a id=\"thb-iconbox-69f4134bc600b\" class=\"has-link thb-iconbox top type6  has-img  text-left animation-true\" href=\"\/pl\/stylizacja-brwi\/\" target=\"_self\" data-animation_speed=\"0.3\">\n\t\t\t\t<figure>\n\t\t\t\t\t\t\t<div class=\"iconbox-image\">\n\t\t\t\t\t<img width=\"128\" height=\"125\" src=\"data:image\/gif;base64,R0lGODlhAQABAAAAACH5BAEKAAEALAAAAAABAAEAAAICTAEAOw==\" class=\"thb_image  attachment-full thb-lazyload lazyload\" alt=\"\" decoding=\"async\" title=\"ic-stylizacja-brwi\" loading=\"lazy\" data-src=\"https:\/\/veronastudio.eu\/wp-content\/uploads\/2020\/03\/ic-stylizacja-brwi.svg\" data-sizes=\"auto\" \/>\t\t\t\t\t\t\t\t\t<\/div>\n\t\t\t\t\t\t\t\t\t\t\t\t<\/figure>\n\t\t\t\t<div class=\"iconbox-content\">\n\t\t\t\t\t\t\t\t\t\t\t\t\t<span class=\"thb-read-more btn-text style4\">\n\t\t\t\t\t<span>Stylizacja brwi<\/span>\n\t\t\t\t\t\t\t\t\t\t\t<div class=\"arrow\"><div><svg xmlns=\"http:\/\/www.w3.org\/2000\/svg\" xmlns:xlink=\"http:\/\/www.w3.org\/1999\/xlink\" x=\"0px\" y=\"0px\"\r\n\t width=\"30px\" height=\"18px\" viewBox=\"0 0 30 18\" enable-background=\"new 0 0 30 18\" xml:space=\"preserve\">\r\n<path class=\"handle\" d=\"M20.305,16.212c-0.407,0.409-0.407,1.071,0,1.479s1.068,0.408,1.476,0l7.914-7.952c0.408-0.409,0.408-1.071,0-1.481\r\n\tl-7.914-7.952c-0.407-0.409-1.068-0.409-1.476,0s-0.407,1.071,0,1.48l7.185,7.221L20.305,16.212z\"\/>\r\n<path class=\"bar\" fill-rule=\"evenodd\" clip-rule=\"evenodd\" d=\"M1,8h28.001c0.551,0,1,0.448,1,1c0,0.553-0.449,1-1,1H1c-0.553,0-1-0.447-1-1\r\n\tC0,8.448,0.447,8,1,8z\"\/>\r\n<\/svg>\r\n<svg xmlns=\"http:\/\/www.w3.org\/2000\/svg\" xmlns:xlink=\"http:\/\/www.w3.org\/1999\/xlink\" x=\"0px\" y=\"0px\"\r\n\t width=\"30px\" height=\"18px\" viewBox=\"0 0 30 18\" enable-background=\"new 0 0 30 18\" xml:space=\"preserve\">\r\n<path class=\"handle\" d=\"M20.305,16.212c-0.407,0.409-0.407,1.071,0,1.479s1.068,0.408,1.476,0l7.914-7.952c0.408-0.409,0.408-1.071,0-1.481\r\n\tl-7.914-7.952c-0.407-0.409-1.068-0.409-1.476,0s-0.407,1.071,0,1.48l7.185,7.221L20.305,16.212z\"\/>\r\n<path class=\"bar\" fill-rule=\"evenodd\" clip-rule=\"evenodd\" d=\"M1,8h28.001c0.551,0,1,0.448,1,1c0,0.553-0.449,1-1,1H1c-0.553,0-1-0.447-1-1\r\n\tC0,8.448,0.447,8,1,8z\"\/>\r\n<\/svg>\r\n<\/div><\/div>\n\t\t\t\t\t\t\t\t\t\t\t\t\t\t<\/span>\n\t\t\t\t\t<\/div>\n\t\t<style>\n\t\t\t\t\t\t\t\t\t\t\t\t\t\t\t\t\t\t\t#thb-iconbox-69f4134bc600b.thb-iconbox .iconbox-image img {\n\t\t\t\t\twidth: 128px;\n\t\t\t\t\theight: auto;\n\t\t\t\t}\n\t\t\t\t\t\t\t\t\t\t\t\t\/* Hover *\/\n\t\t\t\t\t\t\t\t\t\t\t<\/style>\n\t<\/a>\n\t[\/vc_column][vc_column width=&#8221;1\/2&#8243; offset=&#8221;vc_col-lg-4&#8243;]\t<a id=\"thb-iconbox-69f4134bc6933\" class=\"has-link thb-iconbox top type6  has-img  text-left animation-true\" href=\"\/pl\/lifting-rzes\/\" target=\"_self\" data-animation_speed=\"0.3\">\n\t\t\t\t<figure>\n\t\t\t\t\t\t\t<div class=\"iconbox-image\">\n\t\t\t\t\t<img width=\"128\" height=\"125\" src=\"data:image\/gif;base64,R0lGODlhAQABAAAAACH5BAEKAAEALAAAAAABAAEAAAICTAEAOw==\" class=\"thb_image  attachment-full thb-lazyload lazyload\" alt=\"\" decoding=\"async\" title=\"ic-lifting-rzes\" loading=\"lazy\" data-src=\"https:\/\/veronastudio.eu\/wp-content\/uploads\/2020\/03\/ic-lifting-rzes.svg\" data-sizes=\"auto\" \/>\t\t\t\t\t\t\t\t\t<\/div>\n\t\t\t\t\t\t\t\t\t\t\t\t<\/figure>\n\t\t\t\t<div class=\"iconbox-content\">\n\t\t\t\t\t\t\t\t\t\t\t\t\t<span class=\"thb-read-more btn-text style4\">\n\t\t\t\t\t<span>Lifting rz\u0119s<\/span>\n\t\t\t\t\t\t\t\t\t\t\t<div class=\"arrow\"><div><svg xmlns=\"http:\/\/www.w3.org\/2000\/svg\" xmlns:xlink=\"http:\/\/www.w3.org\/1999\/xlink\" x=\"0px\" y=\"0px\"\r\n\t width=\"30px\" height=\"18px\" viewBox=\"0 0 30 18\" enable-background=\"new 0 0 30 18\" xml:space=\"preserve\">\r\n<path class=\"handle\" d=\"M20.305,16.212c-0.407,0.409-0.407,1.071,0,1.479s1.068,0.408,1.476,0l7.914-7.952c0.408-0.409,0.408-1.071,0-1.481\r\n\tl-7.914-7.952c-0.407-0.409-1.068-0.409-1.476,0s-0.407,1.071,0,1.48l7.185,7.221L20.305,16.212z\"\/>\r\n<path class=\"bar\" fill-rule=\"evenodd\" clip-rule=\"evenodd\" d=\"M1,8h28.001c0.551,0,1,0.448,1,1c0,0.553-0.449,1-1,1H1c-0.553,0-1-0.447-1-1\r\n\tC0,8.448,0.447,8,1,8z\"\/>\r\n<\/svg>\r\n<svg xmlns=\"http:\/\/www.w3.org\/2000\/svg\" xmlns:xlink=\"http:\/\/www.w3.org\/1999\/xlink\" x=\"0px\" y=\"0px\"\r\n\t width=\"30px\" height=\"18px\" viewBox=\"0 0 30 18\" enable-background=\"new 0 0 30 18\" xml:space=\"preserve\">\r\n<path class=\"handle\" d=\"M20.305,16.212c-0.407,0.409-0.407,1.071,0,1.479s1.068,0.408,1.476,0l7.914-7.952c0.408-0.409,0.408-1.071,0-1.481\r\n\tl-7.914-7.952c-0.407-0.409-1.068-0.409-1.476,0s-0.407,1.071,0,1.48l7.185,7.221L20.305,16.212z\"\/>\r\n<path class=\"bar\" fill-rule=\"evenodd\" clip-rule=\"evenodd\" d=\"M1,8h28.001c0.551,0,1,0.448,1,1c0,0.553-0.449,1-1,1H1c-0.553,0-1-0.447-1-1\r\n\tC0,8.448,0.447,8,1,8z\"\/>\r\n<\/svg>\r\n<\/div><\/div>\n\t\t\t\t\t\t\t\t\t\t\t\t\t\t<\/span>\n\t\t\t\t\t<\/div>\n\t\t<style>\n\t\t\t\t\t\t\t\t\t\t\t\t\t\t\t\t\t\t\t#thb-iconbox-69f4134bc6933.thb-iconbox .iconbox-image img {\n\t\t\t\t\twidth: 128px;\n\t\t\t\t\theight: auto;\n\t\t\t\t}\n\t\t\t\t\t\t\t\t\t\t\t\t\/* Hover *\/\n\t\t\t\t\t\t\t\t\t\t\t<\/style>\n\t<\/a>\n\t[\/vc_column][vc_column width=&#8221;1\/2&#8243; offset=&#8221;vc_col-lg-4&#8243;]\t<a id=\"thb-iconbox-69f4134bc723d\" class=\"has-link thb-iconbox top type6  has-img  text-left animation-true\" href=\"\/pl\/manicure-i-nail-art\/\" target=\"_self\" data-animation_speed=\"0.3\">\n\t\t\t\t<figure>\n\t\t\t\t\t\t\t<div class=\"iconbox-image\">\n\t\t\t\t\t<img width=\"128\" height=\"125\" src=\"data:image\/gif;base64,R0lGODlhAQABAAAAACH5BAEKAAEALAAAAAABAAEAAAICTAEAOw==\" class=\"thb_image  attachment-full thb-lazyload lazyload\" alt=\"\" decoding=\"async\" title=\"ic-manicure\" loading=\"lazy\" data-src=\"https:\/\/veronastudio.eu\/wp-content\/uploads\/2020\/03\/ic-manicure.svg\" data-sizes=\"auto\" \/>\t\t\t\t\t\t\t\t\t<\/div>\n\t\t\t\t\t\t\t\t\t\t\t\t<\/figure>\n\t\t\t\t<div class=\"iconbox-content\">\n\t\t\t\t\t\t\t\t\t\t\t\t\t<span class=\"thb-read-more btn-text style4\">\n\t\t\t\t\t<span>Manicure i Nail Art<\/span>\n\t\t\t\t\t\t\t\t\t\t\t<div class=\"arrow\"><div><svg xmlns=\"http:\/\/www.w3.org\/2000\/svg\" xmlns:xlink=\"http:\/\/www.w3.org\/1999\/xlink\" x=\"0px\" y=\"0px\"\r\n\t width=\"30px\" height=\"18px\" viewBox=\"0 0 30 18\" enable-background=\"new 0 0 30 18\" xml:space=\"preserve\">\r\n<path class=\"handle\" d=\"M20.305,16.212c-0.407,0.409-0.407,1.071,0,1.479s1.068,0.408,1.476,0l7.914-7.952c0.408-0.409,0.408-1.071,0-1.481\r\n\tl-7.914-7.952c-0.407-0.409-1.068-0.409-1.476,0s-0.407,1.071,0,1.48l7.185,7.221L20.305,16.212z\"\/>\r\n<path class=\"bar\" fill-rule=\"evenodd\" clip-rule=\"evenodd\" d=\"M1,8h28.001c0.551,0,1,0.448,1,1c0,0.553-0.449,1-1,1H1c-0.553,0-1-0.447-1-1\r\n\tC0,8.448,0.447,8,1,8z\"\/>\r\n<\/svg>\r\n<svg xmlns=\"http:\/\/www.w3.org\/2000\/svg\" xmlns:xlink=\"http:\/\/www.w3.org\/1999\/xlink\" x=\"0px\" y=\"0px\"\r\n\t width=\"30px\" height=\"18px\" viewBox=\"0 0 30 18\" enable-background=\"new 0 0 30 18\" xml:space=\"preserve\">\r\n<path class=\"handle\" d=\"M20.305,16.212c-0.407,0.409-0.407,1.071,0,1.479s1.068,0.408,1.476,0l7.914-7.952c0.408-0.409,0.408-1.071,0-1.481\r\n\tl-7.914-7.952c-0.407-0.409-1.068-0.409-1.476,0s-0.407,1.071,0,1.48l7.185,7.221L20.305,16.212z\"\/>\r\n<path class=\"bar\" fill-rule=\"evenodd\" clip-rule=\"evenodd\" d=\"M1,8h28.001c0.551,0,1,0.448,1,1c0,0.553-0.449,1-1,1H1c-0.553,0-1-0.447-1-1\r\n\tC0,8.448,0.447,8,1,8z\"\/>\r\n<\/svg>\r\n<\/div><\/div>\n\t\t\t\t\t\t\t\t\t\t\t\t\t\t<\/span>\n\t\t\t\t\t<\/div>\n\t\t<style>\n\t\t\t\t\t\t\t\t\t\t\t\t\t\t\t\t\t\t\t#thb-iconbox-69f4134bc723d.thb-iconbox .iconbox-image img {\n\t\t\t\t\twidth: 128px;\n\t\t\t\t\theight: auto;\n\t\t\t\t}\n\t\t\t\t\t\t\t\t\t\t\t\t\/* Hover *\/\n\t\t\t\t\t\t\t\t\t\t\t<\/style>\n\t<\/a>\n\t[\/vc_column][vc_column width=&#8221;1\/2&#8243; offset=&#8221;vc_col-lg-4&#8243;]\t<a id=\"thb-iconbox-69f4134bc7b3e\" class=\"has-link thb-iconbox top type6  has-img  text-left animation-true\" href=\"\/pl\/pielegnacja-dloni\/\" target=\"_self\" data-animation_speed=\"0.3\">\n\t\t\t\t<figure>\n\t\t\t\t\t\t\t<div class=\"iconbox-image\">\n\t\t\t\t\t<img width=\"128\" height=\"125\" src=\"data:image\/gif;base64,R0lGODlhAQABAAAAACH5BAEKAAEALAAAAAABAAEAAAICTAEAOw==\" class=\"thb_image  attachment-full thb-lazyload lazyload\" alt=\"\" decoding=\"async\" title=\"ic-pielegnacja-dloni\" loading=\"lazy\" data-src=\"https:\/\/veronastudio.eu\/wp-content\/uploads\/2020\/03\/ic-pielegnacja-dloni.svg\" data-sizes=\"auto\" \/>\t\t\t\t\t\t\t\t\t<\/div>\n\t\t\t\t\t\t\t\t\t\t\t\t<\/figure>\n\t\t\t\t<div class=\"iconbox-content\">\n\t\t\t\t\t\t\t\t\t\t\t\t\t<span class=\"thb-read-more btn-text style4\">\n\t\t\t\t\t<span>Piel\u0119gnacja d\u0142oni<\/span>\n\t\t\t\t\t\t\t\t\t\t\t<div class=\"arrow\"><div><svg xmlns=\"http:\/\/www.w3.org\/2000\/svg\" xmlns:xlink=\"http:\/\/www.w3.org\/1999\/xlink\" x=\"0px\" y=\"0px\"\r\n\t width=\"30px\" height=\"18px\" viewBox=\"0 0 30 18\" enable-background=\"new 0 0 30 18\" xml:space=\"preserve\">\r\n<path class=\"handle\" d=\"M20.305,16.212c-0.407,0.409-0.407,1.071,0,1.479s1.068,0.408,1.476,0l7.914-7.952c0.408-0.409,0.408-1.071,0-1.481\r\n\tl-7.914-7.952c-0.407-0.409-1.068-0.409-1.476,0s-0.407,1.071,0,1.48l7.185,7.221L20.305,16.212z\"\/>\r\n<path class=\"bar\" fill-rule=\"evenodd\" clip-rule=\"evenodd\" d=\"M1,8h28.001c0.551,0,1,0.448,1,1c0,0.553-0.449,1-1,1H1c-0.553,0-1-0.447-1-1\r\n\tC0,8.448,0.447,8,1,8z\"\/>\r\n<\/svg>\r\n<svg xmlns=\"http:\/\/www.w3.org\/2000\/svg\" xmlns:xlink=\"http:\/\/www.w3.org\/1999\/xlink\" x=\"0px\" y=\"0px\"\r\n\t width=\"30px\" height=\"18px\" viewBox=\"0 0 30 18\" enable-background=\"new 0 0 30 18\" xml:space=\"preserve\">\r\n<path class=\"handle\" d=\"M20.305,16.212c-0.407,0.409-0.407,1.071,0,1.479s1.068,0.408,1.476,0l7.914-7.952c0.408-0.409,0.408-1.071,0-1.481\r\n\tl-7.914-7.952c-0.407-0.409-1.068-0.409-1.476,0s-0.407,1.071,0,1.48l7.185,7.221L20.305,16.212z\"\/>\r\n<path class=\"bar\" fill-rule=\"evenodd\" clip-rule=\"evenodd\" d=\"M1,8h28.001c0.551,0,1,0.448,1,1c0,0.553-0.449,1-1,1H1c-0.553,0-1-0.447-1-1\r\n\tC0,8.448,0.447,8,1,8z\"\/>\r\n<\/svg>\r\n<\/div><\/div>\n\t\t\t\t\t\t\t\t\t\t\t\t\t\t<\/span>\n\t\t\t\t\t<\/div>\n\t\t<style>\n\t\t\t\t\t\t\t\t\t\t\t\t\t\t\t\t\t\t\t#thb-iconbox-69f4134bc7b3e.thb-iconbox .iconbox-image img {\n\t\t\t\t\twidth: 128px;\n\t\t\t\t\theight: auto;\n\t\t\t\t}\n\t\t\t\t\t\t\t\t\t\t\t\t\/* Hover *\/\n\t\t\t\t\t\t\t\t\t\t\t<\/style>\n\t<\/a>\n\t[\/vc_column][\/vc_row][\/vc_section]\n<\/div>","protected":false},"excerpt":{"rendered":"<p>[vc_section full_width=&#8221;stretch_row&#8221; el_class=&#8221;verona-subheader&#8221;][vc_row content_placement=&#8221;bottom&#8221;][vc_column offset=&#8221;vc_col-lg-7&#8243;][vc_column_text el_class=&#8221;subheader-heading&#8221;] Depilacja woskiem [\/vc_column_text][\/vc_column][vc_column offset=&#8221;vc_col-lg-5&#8243;][vc_column_text el_class=&#8221;subheader-slogan&#8221;]Sk\u00f3ra g\u0142adka przez d\u0142ugi czas[\/vc_column_text][\/vc_column][\/vc_row][\/vc_section][vc_section el_class=&#8221;verona-offer-content&#8221;][vc_row][vc_column width=&#8221;5\/6&#8243; offset=&#8221;vc_col-lg-offset-0 vc_col-lg-6 vc_col-sm-offset-1&#8243;][vc_column_text el_class=&#8221;offer-heading-regular&#8221;] Depilacja woskiem Depileve [\/vc_column_text][vc_column_text el_class=&#8221;intro&#8221;]Szeroka oferta wosk\u00f3w Depileve oraz odpowiedni rodzaj depilacji sprawi, \u017ce wybrany zabieg spe\u0142ni wszelkie oczekiwania, a sk\u00f3ra pozostanie g\u0142adka przez d\u0142ugi czas. W moim salonie oferuj\u0119 Ci depilacj\u0119 woskiem Depileve&hellip;<\/p>\n","protected":false},"author":1,"featured_media":0,"parent":0,"menu_order":0,"comment_status":"closed","ping_status":"closed","template":"","meta":{"_seopress_robots_primary_cat":"","footnotes":""},"_links":{"self":[{"href":"https:\/\/veronastudio.eu\/pl\/wp-json\/wp\/v2\/pages\/224"}],"collection":[{"href":"https:\/\/veronastudio.eu\/pl\/wp-json\/wp\/v2\/pages"}],"about":[{"href":"https:\/\/veronastudio.eu\/pl\/wp-json\/wp\/v2\/types\/page"}],"author":[{"embeddable":true,"href":"https:\/\/veronastudio.eu\/pl\/wp-json\/wp\/v2\/users\/1"}],"replies":[{"embeddable":true,"href":"https:\/\/veronastudio.eu\/pl\/wp-json\/wp\/v2\/comments?post=224"}],"version-history":[{"count":0,"href":"https:\/\/veronastudio.eu\/pl\/wp-json\/wp\/v2\/pages\/224\/revisions"}],"wp:attachment":[{"href":"https:\/\/veronastudio.eu\/pl\/wp-json\/wp\/v2\/media?parent=224"}],"curies":[{"name":"wp","href":"https:\/\/api.w.org\/{rel}","templated":true}]}}